{"id":5363,"date":"2025-08-15T16:13:25","date_gmt":"2025-08-16T02:13:25","guid":{"rendered":"https:\/\/www.tahitiplaisirs.com\/?post_type=product&#038;p=5363"},"modified":"2026-03-21T14:06:18","modified_gmt":"2026-03-22T00:06:18","slug":"boss-babe-dg-queen-size","status":"publish","type":"product","link":"https:\/\/www.tahitiplaisirs.com\/en\/product\/boss-babe-dg-queen-size\/","title":{"rendered":"Boss Babe DG Queen Size"},"content":{"rendered":"","protected":false},"excerpt":{"rendered":"<p>Tenue Boss Babe Queen Size de Dream Girl<\/p>\n<p><span class=\"a-list-item a-size-base a-color-base\"><span dir=\"auto\">Costume de la patronne sexy compos\u00e9 d&rsquo;une robe qui combine un top maille blanche transparente avec une jupe crayon \u00e0 fines rayures qui \u00e9pouse le corps pour une coupe flatteuse et confortable et de porte-jarretelles.\u00a0<\/span><\/span><\/p>\n<p><span class=\"a-list-item a-size-base a-color-base\"><span dir=\"auto\">Comprend une paire de lunettes en plastique synth\u00e9tique fantaisie, ajoutant une touche amusante et d\u00e9cal\u00e9e au look, parfaite pour cr\u00e9er une ambiance ludique et coquette tout en compl\u00e9tant le design g\u00e9n\u00e9ral.<\/span><\/span><\/p>","protected":false},"featured_media":8873,"template":"","meta":[],"product_brand":[113],"product_cat":[73,63,85],"product_tag":[],"class_list":{"0":"post-5363","1":"product","2":"type-product","3":"status-publish","4":"has-post-thumbnail","6":"product_brand-dreamgirl","7":"product_cat-lingerie-sexy","8":"product_cat-pour-elle","9":"product_cat-tenues-coquines","12":"instock","13":"taxable","14":"shipping-taxable","15":"purchasable","16":"product-type-simple","17":"product-grid-view"},"_links":{"self":[{"href":"https:\/\/www.tahitiplaisirs.com\/en\/wp-json\/wp\/v2\/product\/5363","targetHints":{"allow":["GET"]}}],"collection":[{"href":"https:\/\/www.tahitiplaisirs.com\/en\/wp-json\/wp\/v2\/product"}],"about":[{"href":"https:\/\/www.tahitiplaisirs.com\/en\/wp-json\/wp\/v2\/types\/product"}],"version-history":[{"count":5,"href":"https:\/\/www.tahitiplaisirs.com\/en\/wp-json\/wp\/v2\/product\/5363\/revisions"}],"predecessor-version":[{"id":10079,"href":"https:\/\/www.tahitiplaisirs.com\/en\/wp-json\/wp\/v2\/product\/5363\/revisions\/10079"}],"wp:featuredmedia":[{"embeddable":true,"href":"https:\/\/www.tahitiplaisirs.com\/en\/wp-json\/wp\/v2\/media\/8873"}],"wp:attachment":[{"href":"https:\/\/www.tahitiplaisirs.com\/en\/wp-json\/wp\/v2\/media?parent=5363"}],"wp:term":[{"taxonomy":"product_brand","embeddable":true,"href":"https:\/\/www.tahitiplaisirs.com\/en\/wp-json\/wp\/v2\/product_brand?post=5363"},{"taxonomy":"product_cat","embeddable":true,"href":"https:\/\/www.tahitiplaisirs.com\/en\/wp-json\/wp\/v2\/product_cat?post=5363"},{"taxonomy":"product_tag","embeddable":true,"href":"https:\/\/www.tahitiplaisirs.com\/en\/wp-json\/wp\/v2\/product_tag?post=5363"}],"curies":[{"name":"wp","href":"https:\/\/api.w.org\/{rel}","templated":true}]}}