{"id":5365,"date":"2025-08-15T16:13:25","date_gmt":"2025-08-16T02:13:25","guid":{"rendered":"https:\/\/www.tahitiplaisirs.com\/?post_type=product&#038;p=5365"},"modified":"2026-03-27T11:01:08","modified_gmt":"2026-03-27T21:01:08","slug":"plug-va-et-vient-magic-jingers","status":"publish","type":"product","link":"https:\/\/www.tahitiplaisirs.com\/en\/product\/plug-va-et-vient-magic-jingers\/","title":{"rendered":"Plug va et vient Magic Jingers"},"content":{"rendered":"","protected":false},"excerpt":{"rendered":"<p>Plug va et vient Magic Jingers de Baile &#8211; Pretty Love<\/p>\n<p>Plug anal va et vient vibrant rechargeable en silicone souple et doux au toucher.<\/p>\n<p>Gr\u00e2ce \u00e0 sa base ventouse de 6 cm, ce plug peut facilement \u00eatre plac\u00e9 sur n&rsquo;importe quelle surface lisse.<\/p>\n<p>Ce plug anal propose 4 modes de vibrations et 4 modes de va et vient.<\/p>\n<p>Il mesure 12 cm de longueur pour un diam\u00e8tre de 3,5 cm au plus large.<\/p>","protected":false},"featured_media":7692,"template":"","meta":[],"product_brand":[93],"product_cat":[62,47],"product_tag":[],"class_list":{"0":"post-5365","1":"product","2":"type-product","3":"status-publish","4":"has-post-thumbnail","6":"product_brand-baile-pretty-love","7":"product_cat-plaisir-anal","8":"product_cat-sextoys","11":"instock","12":"taxable","13":"shipping-taxable","14":"purchasable","15":"product-type-simple","16":"product-grid-view"},"_links":{"self":[{"href":"https:\/\/www.tahitiplaisirs.com\/en\/wp-json\/wp\/v2\/product\/5365","targetHints":{"allow":["GET"]}}],"collection":[{"href":"https:\/\/www.tahitiplaisirs.com\/en\/wp-json\/wp\/v2\/product"}],"about":[{"href":"https:\/\/www.tahitiplaisirs.com\/en\/wp-json\/wp\/v2\/types\/product"}],"version-history":[{"count":2,"href":"https:\/\/www.tahitiplaisirs.com\/en\/wp-json\/wp\/v2\/product\/5365\/revisions"}],"predecessor-version":[{"id":9492,"href":"https:\/\/www.tahitiplaisirs.com\/en\/wp-json\/wp\/v2\/product\/5365\/revisions\/9492"}],"wp:featuredmedia":[{"embeddable":true,"href":"https:\/\/www.tahitiplaisirs.com\/en\/wp-json\/wp\/v2\/media\/7692"}],"wp:attachment":[{"href":"https:\/\/www.tahitiplaisirs.com\/en\/wp-json\/wp\/v2\/media?parent=5365"}],"wp:term":[{"taxonomy":"product_brand","embeddable":true,"href":"https:\/\/www.tahitiplaisirs.com\/en\/wp-json\/wp\/v2\/product_brand?post=5365"},{"taxonomy":"product_cat","embeddable":true,"href":"https:\/\/www.tahitiplaisirs.com\/en\/wp-json\/wp\/v2\/product_cat?post=5365"},{"taxonomy":"product_tag","embeddable":true,"href":"https:\/\/www.tahitiplaisirs.com\/en\/wp-json\/wp\/v2\/product_tag?post=5365"}],"curies":[{"name":"wp","href":"https:\/\/api.w.org\/{rel}","templated":true}]}}