{"id":5366,"date":"2025-09-16T09:11:25","date_gmt":"2025-09-16T19:11:25","guid":{"rendered":"https:\/\/www.tahitiplaisirs.com\/?post_type=product&#038;p=5366"},"modified":"2026-03-21T14:06:13","modified_gmt":"2026-03-22T00:06:13","slug":"vibromasseur-cody-rouge-16cm","status":"publish","type":"product","link":"https:\/\/www.tahitiplaisirs.com\/en\/product\/vibromasseur-cody-rouge-16cm\/","title":{"rendered":"Vibromasseur Cody rouge 16cm"},"content":{"rendered":"","protected":false},"excerpt":{"rendered":"<p>Vibromasseur\u00a0 Cody rouge 16cm de Intense<\/p>\n<p>CODY est un vibromasseur rechargeable con\u00e7u pour procurer des sensations intenses et stimulantes, parfaites pour celles et ceux qui recherchent une stimulation profonde et textur\u00e9e.<\/p>\n<p>Equip\u00e9 d&rsquo;un moteur puissant, CODY dispose de 10 niveaux de vibration, des vagues douces aux pulsations intenses. De plus, sa t\u00e9l\u00e9commande\u00a0vous permet de r\u00e9gler facilement l&rsquo;intensit\u00e9 et le rythme, vous offrant ainsi un contr\u00f4le total sur votre exp\u00e9rience en fonction de vos pr\u00e9f\u00e9rences et de vos envies.<\/p>\n<p>Fabriqu\u00e9 \u00e0 partir de silicone ultra doux et sans phtalate, CODY garantit une exp\u00e9rience confortable, s\u00fbre et agr\u00e9able pour le corps.<\/p>\n<p>Sa base ventouse permet de le fixer sur n&rsquo;importe quelle surface lisse pour des s\u00e9ances mains libres et exp\u00e9rimenter de nouvelles positions.<\/p>\n<p>De plus, sa conception flexible\u00a0s&rsquo;adapte facilement \u00e0 vos courbes, offrant confort et ajustement parfait.<\/p>\n<p>Il est enti\u00e8rement \u00e9tanche, vous permettant de profiter de votre plaisir sous la douche ou dans la baignoire.<\/p>\n<p>Avec son syst\u00e8me de charge USB, il sera toujours pr\u00eat \u00e0 l&#8217;emploi, vous offrant la commodit\u00e9 d&rsquo;une charge rapide et sans tracas.<\/p>","protected":false},"featured_media":9082,"template":"","meta":[],"product_brand":[102],"product_cat":[63,47,64],"product_tag":[],"class_list":{"0":"post-5366","1":"product","2":"type-product","3":"status-publish","4":"has-post-thumbnail","6":"product_brand-intense","7":"product_cat-pour-elle","8":"product_cat-sextoys","9":"product_cat-vibromasseurs","12":"instock","13":"taxable","14":"shipping-taxable","15":"purchasable","16":"product-type-simple","17":"product-grid-view"},"_links":{"self":[{"href":"https:\/\/www.tahitiplaisirs.com\/en\/wp-json\/wp\/v2\/product\/5366","targetHints":{"allow":["GET"]}}],"collection":[{"href":"https:\/\/www.tahitiplaisirs.com\/en\/wp-json\/wp\/v2\/product"}],"about":[{"href":"https:\/\/www.tahitiplaisirs.com\/en\/wp-json\/wp\/v2\/types\/product"}],"version-history":[{"count":5,"href":"https:\/\/www.tahitiplaisirs.com\/en\/wp-json\/wp\/v2\/product\/5366\/revisions"}],"predecessor-version":[{"id":9091,"href":"https:\/\/www.tahitiplaisirs.com\/en\/wp-json\/wp\/v2\/product\/5366\/revisions\/9091"}],"wp:featuredmedia":[{"embeddable":true,"href":"https:\/\/www.tahitiplaisirs.com\/en\/wp-json\/wp\/v2\/media\/9082"}],"wp:attachment":[{"href":"https:\/\/www.tahitiplaisirs.com\/en\/wp-json\/wp\/v2\/media?parent=5366"}],"wp:term":[{"taxonomy":"product_brand","embeddable":true,"href":"https:\/\/www.tahitiplaisirs.com\/en\/wp-json\/wp\/v2\/product_brand?post=5366"},{"taxonomy":"product_cat","embeddable":true,"href":"https:\/\/www.tahitiplaisirs.com\/en\/wp-json\/wp\/v2\/product_cat?post=5366"},{"taxonomy":"product_tag","embeddable":true,"href":"https:\/\/www.tahitiplaisirs.com\/en\/wp-json\/wp\/v2\/product_tag?post=5366"}],"curies":[{"name":"wp","href":"https:\/\/api.w.org\/{rel}","templated":true}]}}