{"id":5371,"date":"2025-08-15T16:13:25","date_gmt":"2025-08-16T02:13:25","guid":{"rendered":"https:\/\/www.tahitiplaisirs.com\/?post_type=product&#038;p=5371"},"modified":"2026-04-10T10:33:06","modified_gmt":"2026-04-10T20:33:06","slug":"rabbit-rechargeable-snappy-violet","status":"publish","type":"product","link":"https:\/\/www.tahitiplaisirs.com\/en\/product\/rabbit-rechargeable-snappy-violet\/","title":{"rendered":"Rabbit rechargeable Snappy violet"},"content":{"rendered":"","protected":false},"excerpt":{"rendered":"<p>Vibromasseur rabbit rechargeable Snappy violet de Baile &#8211; Pretty Love<\/p>\n<p>Le vibromasseur rabbit Snappy rechargeable propose de 30 programmes de vibrations, il est flexible et recourb\u00e9 pour stimuler le point G.<\/p>\n<p>En ABS recouvert de silicone doux, son format convient aussi bien aux d\u00e9butantes qu&rsquo;aux utilisatrices exp\u00e9riment\u00e9es.<\/p>\n<p>Pour votre confort et votre bien-\u00eatre, Lollipop Tahiti vous recommande l&rsquo;utilisation d&rsquo;un lubrifiant \u00e0 base d&rsquo;eau.<\/p>\n<p>Longueur totale : 20cm \/ Longueur maximum de p\u00e9n\u00e9tration : 11cm<\/p>\n<p>Diam\u00e8tre au plus large : 3,2cm<\/p>\n<p>Rechargeable via son c\u00e2ble USB.<\/p>\n<p>Composition : silicone, ABS<\/p>","protected":false},"featured_media":10460,"template":"","meta":[],"product_brand":[],"product_cat":[63,47,64],"product_tag":[],"class_list":{"0":"post-5371","1":"product","2":"type-product","3":"status-publish","4":"has-post-thumbnail","6":"product_cat-pour-elle","7":"product_cat-sextoys","8":"product_cat-vibromasseurs","11":"instock","12":"purchasable","13":"product-type-simple","14":"product-grid-view"},"_links":{"self":[{"href":"https:\/\/www.tahitiplaisirs.com\/en\/wp-json\/wp\/v2\/product\/5371","targetHints":{"allow":["GET"]}}],"collection":[{"href":"https:\/\/www.tahitiplaisirs.com\/en\/wp-json\/wp\/v2\/product"}],"about":[{"href":"https:\/\/www.tahitiplaisirs.com\/en\/wp-json\/wp\/v2\/types\/product"}],"version-history":[{"count":2,"href":"https:\/\/www.tahitiplaisirs.com\/en\/wp-json\/wp\/v2\/product\/5371\/revisions"}],"predecessor-version":[{"id":10462,"href":"https:\/\/www.tahitiplaisirs.com\/en\/wp-json\/wp\/v2\/product\/5371\/revisions\/10462"}],"wp:featuredmedia":[{"embeddable":true,"href":"https:\/\/www.tahitiplaisirs.com\/en\/wp-json\/wp\/v2\/media\/10460"}],"wp:attachment":[{"href":"https:\/\/www.tahitiplaisirs.com\/en\/wp-json\/wp\/v2\/media?parent=5371"}],"wp:term":[{"taxonomy":"product_brand","embeddable":true,"href":"https:\/\/www.tahitiplaisirs.com\/en\/wp-json\/wp\/v2\/product_brand?post=5371"},{"taxonomy":"product_cat","embeddable":true,"href":"https:\/\/www.tahitiplaisirs.com\/en\/wp-json\/wp\/v2\/product_cat?post=5371"},{"taxonomy":"product_tag","embeddable":true,"href":"https:\/\/www.tahitiplaisirs.com\/en\/wp-json\/wp\/v2\/product_tag?post=5371"}],"curies":[{"name":"wp","href":"https:\/\/api.w.org\/{rel}","templated":true}]}}