{"id":5372,"date":"2026-02-04T14:40:25","date_gmt":"2026-02-05T00:40:25","guid":{"rendered":"https:\/\/www.tahitiplaisirs.com\/?post_type=product&#038;p=5372"},"modified":"2026-02-17T14:13:16","modified_gmt":"2026-02-18T00:13:16","slug":"vibromasseur-3-en-1-triple-lover-rose","status":"publish","type":"product","link":"https:\/\/www.tahitiplaisirs.com\/en\/product\/vibromasseur-3-en-1-triple-lover-rose\/","title":{"rendered":"Vibromasseur 3 en 1 Triple Lover rose"},"content":{"rendered":"","protected":false},"excerpt":{"rendered":"<p>Vibromasseur 3 en 1 Triple Lover rose de Satisfyer<\/p>\n<p>Le Triple Lover 3 en 1 fabriqu\u00e9 en silicone dispose de 3 moteurs avec contr\u00f4le ind\u00e9pendant.<\/p>\n<p>Il peut \u00eatre utilis\u00e9 comme un vibromasseur rabbit pour une stimulation synchronis\u00e9e du point G et du clitoris ou comme un wand pour des massages complets du corps.<\/p>\n<p>Il est rechargeable gr\u00e2ce \u00e0 son c\u00e2ble de chargement magn\u00e9tique USB.<\/p>","protected":false},"featured_media":10684,"template":"","meta":[],"product_brand":[103],"product_cat":[47,48,64],"product_tag":[],"class_list":{"0":"post-5372","1":"product","2":"type-product","3":"status-publish","4":"has-post-thumbnail","6":"product_brand-satisfyer","7":"product_cat-sextoys","8":"product_cat-stimulateurs-clitoridiens","9":"product_cat-vibromasseurs","12":"instock","13":"taxable","14":"shipping-taxable","15":"purchasable","16":"product-type-simple","17":"product-grid-view"},"_links":{"self":[{"href":"https:\/\/www.tahitiplaisirs.com\/en\/wp-json\/wp\/v2\/product\/5372","targetHints":{"allow":["GET"]}}],"collection":[{"href":"https:\/\/www.tahitiplaisirs.com\/en\/wp-json\/wp\/v2\/product"}],"about":[{"href":"https:\/\/www.tahitiplaisirs.com\/en\/wp-json\/wp\/v2\/types\/product"}],"version-history":[{"count":2,"href":"https:\/\/www.tahitiplaisirs.com\/en\/wp-json\/wp\/v2\/product\/5372\/revisions"}],"predecessor-version":[{"id":10686,"href":"https:\/\/www.tahitiplaisirs.com\/en\/wp-json\/wp\/v2\/product\/5372\/revisions\/10686"}],"wp:featuredmedia":[{"embeddable":true,"href":"https:\/\/www.tahitiplaisirs.com\/en\/wp-json\/wp\/v2\/media\/10684"}],"wp:attachment":[{"href":"https:\/\/www.tahitiplaisirs.com\/en\/wp-json\/wp\/v2\/media?parent=5372"}],"wp:term":[{"taxonomy":"product_brand","embeddable":true,"href":"https:\/\/www.tahitiplaisirs.com\/en\/wp-json\/wp\/v2\/product_brand?post=5372"},{"taxonomy":"product_cat","embeddable":true,"href":"https:\/\/www.tahitiplaisirs.com\/en\/wp-json\/wp\/v2\/product_cat?post=5372"},{"taxonomy":"product_tag","embeddable":true,"href":"https:\/\/www.tahitiplaisirs.com\/en\/wp-json\/wp\/v2\/product_tag?post=5372"}],"curies":[{"name":"wp","href":"https:\/\/api.w.org\/{rel}","templated":true}]}}