{"id":5409,"date":"2025-08-15T16:13:29","date_gmt":"2025-08-16T02:13:29","guid":{"rendered":"https:\/\/www.tahitiplaisirs.com\/?post_type=product&#038;p=5409"},"modified":"2026-03-28T13:36:03","modified_gmt":"2026-03-28T23:36:03","slug":"anneaux-noirs-x3-addicted-toys","status":"publish","type":"product","link":"https:\/\/www.tahitiplaisirs.com\/en\/product\/anneaux-noirs-x3-addicted-toys\/","title":{"rendered":"Anneaux noirs X3"},"content":{"rendered":"","protected":false},"excerpt":{"rendered":"<p>Pack de 3 anneaux noirs c-ring de Addicted Toys<\/p>\n<p class=\"pdp-description-title\">Pack de 3 anneaux en TPR, une mati\u00e8re douce et extensible pour s&rsquo;adapter \u00e0 toutes les tailles de p\u00e9nis.<\/p>\n<p class=\"pdp-description-title\">Ils aident \u00e0 maintenir l&rsquo;\u00e9rection et ils retardent l&rsquo;\u00e9jaculation.<\/p>\n<p class=\"pdp-description-title\">Articles non toxique, ne contient pas de phtalates<\/p>","protected":false},"featured_media":7102,"template":"","meta":[],"product_brand":[120],"product_cat":[68,51,47],"product_tag":[],"class_list":{"0":"post-5409","1":"product","2":"type-product","3":"status-publish","4":"has-post-thumbnail","6":"product_brand-addicted-toys","7":"product_cat-anneaux","8":"product_cat-pour-lui","9":"product_cat-sextoys","12":"instock","13":"purchasable","14":"product-type-simple","15":"product-grid-view"},"_links":{"self":[{"href":"https:\/\/www.tahitiplaisirs.com\/en\/wp-json\/wp\/v2\/product\/5409","targetHints":{"allow":["GET"]}}],"collection":[{"href":"https:\/\/www.tahitiplaisirs.com\/en\/wp-json\/wp\/v2\/product"}],"about":[{"href":"https:\/\/www.tahitiplaisirs.com\/en\/wp-json\/wp\/v2\/types\/product"}],"version-history":[{"count":2,"href":"https:\/\/www.tahitiplaisirs.com\/en\/wp-json\/wp\/v2\/product\/5409\/revisions"}],"predecessor-version":[{"id":9453,"href":"https:\/\/www.tahitiplaisirs.com\/en\/wp-json\/wp\/v2\/product\/5409\/revisions\/9453"}],"wp:featuredmedia":[{"embeddable":true,"href":"https:\/\/www.tahitiplaisirs.com\/en\/wp-json\/wp\/v2\/media\/7102"}],"wp:attachment":[{"href":"https:\/\/www.tahitiplaisirs.com\/en\/wp-json\/wp\/v2\/media?parent=5409"}],"wp:term":[{"taxonomy":"product_brand","embeddable":true,"href":"https:\/\/www.tahitiplaisirs.com\/en\/wp-json\/wp\/v2\/product_brand?post=5409"},{"taxonomy":"product_cat","embeddable":true,"href":"https:\/\/www.tahitiplaisirs.com\/en\/wp-json\/wp\/v2\/product_cat?post=5409"},{"taxonomy":"product_tag","embeddable":true,"href":"https:\/\/www.tahitiplaisirs.com\/en\/wp-json\/wp\/v2\/product_tag?post=5409"}],"curies":[{"name":"wp","href":"https:\/\/api.w.org\/{rel}","templated":true}]}}