{"id":5427,"date":"2026-02-07T10:05:30","date_gmt":"2026-02-07T20:05:30","guid":{"rendered":"https:\/\/www.tahitiplaisirs.com\/?post_type=product&#038;p=5427"},"modified":"2026-02-12T13:26:33","modified_gmt":"2026-02-12T23:26:33","slug":"plug-bijou-heremoana","status":"publish","type":"product","link":"https:\/\/www.tahitiplaisirs.com\/en\/product\/plug-bijou-heremoana\/","title":{"rendered":"Plug bijou Heremoana"},"content":{"rendered":"","protected":false},"excerpt":{"rendered":"<p>Plug bijou Heremoana<\/p>\n<p>Heremoana est une pi\u00e8ce une unique, fabriqu\u00e9 en acier chirurgicale et d\u00e9cor\u00e9 d&rsquo;une magnifique pi\u00e8ce ronde en pierre fleurie de Ua Pou.<\/p>\n<div class=\"xdj266r x14z9mp xat24cr x1lziwak x1vvkbs x126k92a\"><\/div>\n<div class=\"x14z9mp xat24cr x1lziwak x1vvkbs xtlvy1s x126k92a\">\n<div dir=\"auto\">Ce plug bijou est de taille S, il mesure 7,5cm de long pour 3cm de diam\u00e8tre au plus large, et il p\u00e8se 210g.<\/div>\n<div dir=\"auto\">\n<p>Ce plug bijou ne manquera pas de s\u00e9duire les amateurs de sensations intenses et garantit \u00e0 la fois s\u00e9curit\u00e9 et durabilit\u00e9.<\/p>\n<\/div>\n<\/div>","protected":false},"featured_media":10878,"template":"","meta":[],"product_brand":[],"product_cat":[62,47],"product_tag":[],"class_list":{"0":"post-5427","1":"product","2":"type-product","3":"status-publish","4":"has-post-thumbnail","6":"product_cat-plaisir-anal","7":"product_cat-sextoys","10":"instock","11":"taxable","12":"shipping-taxable","13":"purchasable","14":"product-type-simple","15":"product-grid-view"},"_links":{"self":[{"href":"https:\/\/www.tahitiplaisirs.com\/en\/wp-json\/wp\/v2\/product\/5427","targetHints":{"allow":["GET"]}}],"collection":[{"href":"https:\/\/www.tahitiplaisirs.com\/en\/wp-json\/wp\/v2\/product"}],"about":[{"href":"https:\/\/www.tahitiplaisirs.com\/en\/wp-json\/wp\/v2\/types\/product"}],"version-history":[{"count":3,"href":"https:\/\/www.tahitiplaisirs.com\/en\/wp-json\/wp\/v2\/product\/5427\/revisions"}],"predecessor-version":[{"id":10899,"href":"https:\/\/www.tahitiplaisirs.com\/en\/wp-json\/wp\/v2\/product\/5427\/revisions\/10899"}],"wp:featuredmedia":[{"embeddable":true,"href":"https:\/\/www.tahitiplaisirs.com\/en\/wp-json\/wp\/v2\/media\/10878"}],"wp:attachment":[{"href":"https:\/\/www.tahitiplaisirs.com\/en\/wp-json\/wp\/v2\/media?parent=5427"}],"wp:term":[{"taxonomy":"product_brand","embeddable":true,"href":"https:\/\/www.tahitiplaisirs.com\/en\/wp-json\/wp\/v2\/product_brand?post=5427"},{"taxonomy":"product_cat","embeddable":true,"href":"https:\/\/www.tahitiplaisirs.com\/en\/wp-json\/wp\/v2\/product_cat?post=5427"},{"taxonomy":"product_tag","embeddable":true,"href":"https:\/\/www.tahitiplaisirs.com\/en\/wp-json\/wp\/v2\/product_tag?post=5427"}],"curies":[{"name":"wp","href":"https:\/\/api.w.org\/{rel}","templated":true}]}}