{"id":5431,"date":"2026-02-09T10:00:30","date_gmt":"2026-02-09T20:00:30","guid":{"rendered":"https:\/\/www.tahitiplaisirs.com\/?post_type=product&#038;p=5431"},"modified":"2026-02-12T15:01:06","modified_gmt":"2026-02-13T01:01:06","slug":"plug-bijou-ravahere","status":"publish","type":"product","link":"https:\/\/www.tahitiplaisirs.com\/en\/product\/plug-bijou-ravahere\/","title":{"rendered":"Plug bijou Ravahere"},"content":{"rendered":"","protected":false},"excerpt":{"rendered":"<p>Plug bijou Ravahere<\/p>\n<p>Ravahere est une pi\u00e8ce unique avec sa composition exquise en nacre blanche grav\u00e9e, sublim\u00e9e par une pi\u00e8ce ronde de nacre en son centre.<\/p>\n<p>Ce plug bijou est l&rsquo;incarnation m\u00eame de l&rsquo;\u00e9l\u00e9gance.<\/p>\n<p>Fabriqu\u00e9 avec de l&rsquo;acier chirurgical, Ravahere assure un confort durable et une r\u00e9sistance exceptionnelle.<\/p>\n<p>Avec sa taille Medium de 8cm de long pour un diam\u00e8tre au plus large de 3,5cm et un poids de 269 grammes, ce plug bijou symbolise l&rsquo;excellence artisanale et la beaut\u00e9 intemporelle de la culture polyn\u00e9sienne.<\/p>","protected":false},"featured_media":10888,"template":"","meta":[],"product_brand":[],"product_cat":[62,47],"product_tag":[],"class_list":{"0":"post-5431","1":"product","2":"type-product","3":"status-publish","4":"has-post-thumbnail","6":"product_cat-plaisir-anal","7":"product_cat-sextoys","10":"instock","11":"taxable","12":"shipping-taxable","13":"purchasable","14":"product-type-simple","15":"product-grid-view"},"_links":{"self":[{"href":"https:\/\/www.tahitiplaisirs.com\/en\/wp-json\/wp\/v2\/product\/5431","targetHints":{"allow":["GET"]}}],"collection":[{"href":"https:\/\/www.tahitiplaisirs.com\/en\/wp-json\/wp\/v2\/product"}],"about":[{"href":"https:\/\/www.tahitiplaisirs.com\/en\/wp-json\/wp\/v2\/types\/product"}],"version-history":[{"count":3,"href":"https:\/\/www.tahitiplaisirs.com\/en\/wp-json\/wp\/v2\/product\/5431\/revisions"}],"predecessor-version":[{"id":10896,"href":"https:\/\/www.tahitiplaisirs.com\/en\/wp-json\/wp\/v2\/product\/5431\/revisions\/10896"}],"wp:featuredmedia":[{"embeddable":true,"href":"https:\/\/www.tahitiplaisirs.com\/en\/wp-json\/wp\/v2\/media\/10888"}],"wp:attachment":[{"href":"https:\/\/www.tahitiplaisirs.com\/en\/wp-json\/wp\/v2\/media?parent=5431"}],"wp:term":[{"taxonomy":"product_brand","embeddable":true,"href":"https:\/\/www.tahitiplaisirs.com\/en\/wp-json\/wp\/v2\/product_brand?post=5431"},{"taxonomy":"product_cat","embeddable":true,"href":"https:\/\/www.tahitiplaisirs.com\/en\/wp-json\/wp\/v2\/product_cat?post=5431"},{"taxonomy":"product_tag","embeddable":true,"href":"https:\/\/www.tahitiplaisirs.com\/en\/wp-json\/wp\/v2\/product_tag?post=5431"}],"curies":[{"name":"wp","href":"https:\/\/api.w.org\/{rel}","templated":true}]}}