{"id":5467,"date":"2025-08-15T16:13:33","date_gmt":"2025-08-16T02:13:33","guid":{"rendered":"https:\/\/www.tahitiplaisirs.com\/?post_type=product&#038;p=5467"},"modified":"2026-04-16T14:21:03","modified_gmt":"2026-04-17T00:21:03","slug":"pompe-rx9-transparent","status":"publish","type":"product","link":"https:\/\/www.tahitiplaisirs.com\/en\/product\/pompe-rx9-transparent\/","title":{"rendered":"Pompe RX9 transparent"},"content":{"rendered":"","protected":false},"excerpt":{"rendered":"<p>Pompe RX9 transparent de Pump Addicted<\/p>\n<p>Pompe pneumatique avec un cylindre transparent, une tirette et une valve de contr\u00f4le pour soulager la pression.<\/p>\n<p>Elle poss\u00e8de un barom\u00e8tre pour contr\u00f4ler la pression et son tube translucide est gradu\u00e9.<\/p>\n<p>Nettoyez votre d\u00e9veloppeur avec de l&rsquo;eau ti\u00e8de et du savon, s\u00e9chez le avec un chiffon doux et propre.<\/p>\n<p>Fabriqu\u00e9 en plastique ABS et TPE, garanti sans phtalates<\/p>\n<p>Conseil de votre Love Shop Tahiti Plaisirs\u00a0 :<\/p>\n<p>Une fois votre p\u00e9nis en \u00e9rection, retirez le tube puis ajoutez lui un anneau d\u2019am\u00e9lioration qui maintiendra l\u2019\u00e9rection et retardera l&rsquo;\u00e9jaculation.<\/p>","protected":false},"featured_media":9017,"template":"","meta":[],"product_brand":[120],"product_cat":[52,51,47],"product_tag":[],"class_list":{"0":"post-5467","1":"product","2":"type-product","3":"status-publish","4":"has-post-thumbnail","6":"product_brand-addicted-toys","7":"product_cat-developpement-du-penis","8":"product_cat-pour-lui","9":"product_cat-sextoys","12":"instock","13":"taxable","14":"shipping-taxable","15":"purchasable","16":"product-type-simple","17":"product-grid-view"},"_links":{"self":[{"href":"https:\/\/www.tahitiplaisirs.com\/en\/wp-json\/wp\/v2\/product\/5467","targetHints":{"allow":["GET"]}}],"collection":[{"href":"https:\/\/www.tahitiplaisirs.com\/en\/wp-json\/wp\/v2\/product"}],"about":[{"href":"https:\/\/www.tahitiplaisirs.com\/en\/wp-json\/wp\/v2\/types\/product"}],"version-history":[{"count":3,"href":"https:\/\/www.tahitiplaisirs.com\/en\/wp-json\/wp\/v2\/product\/5467\/revisions"}],"predecessor-version":[{"id":9020,"href":"https:\/\/www.tahitiplaisirs.com\/en\/wp-json\/wp\/v2\/product\/5467\/revisions\/9020"}],"wp:featuredmedia":[{"embeddable":true,"href":"https:\/\/www.tahitiplaisirs.com\/en\/wp-json\/wp\/v2\/media\/9017"}],"wp:attachment":[{"href":"https:\/\/www.tahitiplaisirs.com\/en\/wp-json\/wp\/v2\/media?parent=5467"}],"wp:term":[{"taxonomy":"product_brand","embeddable":true,"href":"https:\/\/www.tahitiplaisirs.com\/en\/wp-json\/wp\/v2\/product_brand?post=5467"},{"taxonomy":"product_cat","embeddable":true,"href":"https:\/\/www.tahitiplaisirs.com\/en\/wp-json\/wp\/v2\/product_cat?post=5467"},{"taxonomy":"product_tag","embeddable":true,"href":"https:\/\/www.tahitiplaisirs.com\/en\/wp-json\/wp\/v2\/product_tag?post=5467"}],"curies":[{"name":"wp","href":"https:\/\/api.w.org\/{rel}","templated":true}]}}