{"id":5478,"date":"2025-08-15T16:13:34","date_gmt":"2025-08-16T02:13:34","guid":{"rendered":"https:\/\/www.tahitiplaisirs.com\/?post_type=product&#038;p=5478"},"modified":"2026-03-21T14:04:20","modified_gmt":"2026-03-22T00:04:20","slug":"double-stimulateur-mia-viena-rouge","status":"publish","type":"product","link":"https:\/\/www.tahitiplaisirs.com\/en\/product\/double-stimulateur-mia-viena-rouge\/","title":{"rendered":"Stimulateur Mia Viena"},"content":{"rendered":"","protected":false},"excerpt":{"rendered":"<p>Double stimulateur Viena rouge de Mia<\/p>\n<p>Viena est un double vibromasseur avec son \u0153uf vibrant et son stimulateur de clitoris.<\/p>\n<p>Silencieux et discret, profitez en toute intimit\u00e9 des 10 modes de vibration qu&rsquo;il propose.<\/p>\n<p>Il est fabriqu\u00e9 dans un silicone de haute qualit\u00e9 et est rechargeable via son c\u00e2ble USB inclus.<\/p>","protected":false},"featured_media":7198,"template":"","meta":[],"product_brand":[123],"product_cat":[75,47,48],"product_tag":[],"class_list":{"0":"post-5478","1":"product","2":"type-product","3":"status-publish","4":"has-post-thumbnail","6":"product_brand-mia","7":"product_cat-oeufs-boules-de-geisha","8":"product_cat-sextoys","9":"product_cat-stimulateurs-clitoridiens","12":"instock","13":"taxable","14":"shipping-taxable","15":"purchasable","16":"product-type-simple","17":"product-grid-view"},"_links":{"self":[{"href":"https:\/\/www.tahitiplaisirs.com\/en\/wp-json\/wp\/v2\/product\/5478","targetHints":{"allow":["GET"]}}],"collection":[{"href":"https:\/\/www.tahitiplaisirs.com\/en\/wp-json\/wp\/v2\/product"}],"about":[{"href":"https:\/\/www.tahitiplaisirs.com\/en\/wp-json\/wp\/v2\/types\/product"}],"version-history":[{"count":3,"href":"https:\/\/www.tahitiplaisirs.com\/en\/wp-json\/wp\/v2\/product\/5478\/revisions"}],"predecessor-version":[{"id":9380,"href":"https:\/\/www.tahitiplaisirs.com\/en\/wp-json\/wp\/v2\/product\/5478\/revisions\/9380"}],"wp:featuredmedia":[{"embeddable":true,"href":"https:\/\/www.tahitiplaisirs.com\/en\/wp-json\/wp\/v2\/media\/7198"}],"wp:attachment":[{"href":"https:\/\/www.tahitiplaisirs.com\/en\/wp-json\/wp\/v2\/media?parent=5478"}],"wp:term":[{"taxonomy":"product_brand","embeddable":true,"href":"https:\/\/www.tahitiplaisirs.com\/en\/wp-json\/wp\/v2\/product_brand?post=5478"},{"taxonomy":"product_cat","embeddable":true,"href":"https:\/\/www.tahitiplaisirs.com\/en\/wp-json\/wp\/v2\/product_cat?post=5478"},{"taxonomy":"product_tag","embeddable":true,"href":"https:\/\/www.tahitiplaisirs.com\/en\/wp-json\/wp\/v2\/product_tag?post=5478"}],"curies":[{"name":"wp","href":"https:\/\/api.w.org\/{rel}","templated":true}]}}