{"id":5480,"date":"2025-09-29T14:18:34","date_gmt":"2025-09-30T00:18:34","guid":{"rendered":"https:\/\/www.tahitiplaisirs.com\/?post_type=product&#038;p=5480"},"modified":"2026-03-21T14:04:18","modified_gmt":"2026-03-22T00:04:18","slug":"vibromasseur-sanya-violet","status":"publish","type":"product","link":"https:\/\/www.tahitiplaisirs.com\/en\/product\/vibromasseur-sanya-violet\/","title":{"rendered":"Vibromasseur Sanya violet"},"content":{"rendered":"","protected":false},"excerpt":{"rendered":"<p>Vibromasseur Sanya violet de Shunga Erotic Art<\/p>\n<p>Sanya est un vibromasseur rechargeable fabriqu\u00e9 en silicone hypoallerg\u00e9nique, ultra doux et sans danger pour le corps.<\/p>\n<p>Son design luxueux et ergonomique, alli\u00e9 \u00e0 sa puissance, satisfera toutes vos envies m\u00eame sous la douche ou dans votre bain.<\/p>\n<p>Il est dot\u00e9 d&rsquo;un moteur puissant haute performance avec 5 niveaux d&rsquo;intensit\u00e9 et propose 10 fonctions de vibration avec signaux lumineux.<\/p>\n<p>Sanya offre douceur, confort et flexibilit\u00e9.<\/p>","protected":false},"featured_media":9110,"template":"","meta":[],"product_brand":[90],"product_cat":[63,47,64],"product_tag":[],"class_list":{"0":"post-5480","1":"product","2":"type-product","3":"status-publish","4":"has-post-thumbnail","6":"product_brand-shunga-erotic-art","7":"product_cat-pour-elle","8":"product_cat-sextoys","9":"product_cat-vibromasseurs","12":"instock","13":"taxable","14":"shipping-taxable","15":"purchasable","16":"product-type-simple","17":"product-grid-view"},"_links":{"self":[{"href":"https:\/\/www.tahitiplaisirs.com\/en\/wp-json\/wp\/v2\/product\/5480","targetHints":{"allow":["GET"]}}],"collection":[{"href":"https:\/\/www.tahitiplaisirs.com\/en\/wp-json\/wp\/v2\/product"}],"about":[{"href":"https:\/\/www.tahitiplaisirs.com\/en\/wp-json\/wp\/v2\/types\/product"}],"version-history":[{"count":3,"href":"https:\/\/www.tahitiplaisirs.com\/en\/wp-json\/wp\/v2\/product\/5480\/revisions"}],"predecessor-version":[{"id":9129,"href":"https:\/\/www.tahitiplaisirs.com\/en\/wp-json\/wp\/v2\/product\/5480\/revisions\/9129"}],"wp:featuredmedia":[{"embeddable":true,"href":"https:\/\/www.tahitiplaisirs.com\/en\/wp-json\/wp\/v2\/media\/9110"}],"wp:attachment":[{"href":"https:\/\/www.tahitiplaisirs.com\/en\/wp-json\/wp\/v2\/media?parent=5480"}],"wp:term":[{"taxonomy":"product_brand","embeddable":true,"href":"https:\/\/www.tahitiplaisirs.com\/en\/wp-json\/wp\/v2\/product_brand?post=5480"},{"taxonomy":"product_cat","embeddable":true,"href":"https:\/\/www.tahitiplaisirs.com\/en\/wp-json\/wp\/v2\/product_cat?post=5480"},{"taxonomy":"product_tag","embeddable":true,"href":"https:\/\/www.tahitiplaisirs.com\/en\/wp-json\/wp\/v2\/product_tag?post=5480"}],"curies":[{"name":"wp","href":"https:\/\/api.w.org\/{rel}","templated":true}]}}