{"id":5483,"date":"2025-08-15T16:13:34","date_gmt":"2025-08-16T02:13:34","guid":{"rendered":"https:\/\/www.tahitiplaisirs.com\/?post_type=product&#038;p=5483"},"modified":"2026-03-21T14:04:13","modified_gmt":"2026-03-22T00:04:13","slug":"ensemble-3-pieces-rouge-kl-s-l","status":"publish","type":"product","link":"https:\/\/www.tahitiplaisirs.com\/en\/product\/ensemble-3-pieces-rouge-kl-s-l\/","title":{"rendered":"Ensemble 3 pi\u00e8ces rouge KL S-L"},"content":{"rendered":"","protected":false},"excerpt":{"rendered":"<p>Ensemble 3 pi\u00e8ces rouge S-L de Killer Legs<\/p>\n<p>r\u00e9f 818JT426_RED<\/p>\n<p><span dir=\"auto\">Ensemble sexy compos\u00e9 d&rsquo;une brassi\u00e8re en dentelle florale avec des bonnets \u00e0 lani\u00e8res et bretelles en V r\u00e9glables, d&rsquo;un string et de porte-jarretelles bord\u00e9 de dentelle et des jarretelles int\u00e9gr\u00e9es.<\/span><\/p>\n<p>Composition : 92 % nylon, 8 % \u00e9lasthanne.<\/p>","protected":false},"featured_media":8855,"template":"","meta":[],"product_brand":[136],"product_cat":[73,74,63],"product_tag":[],"class_list":{"0":"post-5483","1":"product","2":"type-product","3":"status-publish","4":"has-post-thumbnail","6":"product_brand-killer-legs","7":"product_cat-lingerie-sexy","8":"product_cat-nuisettes-bodys-et-set","9":"product_cat-pour-elle","12":"instock","13":"taxable","14":"shipping-taxable","15":"purchasable","16":"product-type-simple","17":"product-grid-view"},"_links":{"self":[{"href":"https:\/\/www.tahitiplaisirs.com\/en\/wp-json\/wp\/v2\/product\/5483","targetHints":{"allow":["GET"]}}],"collection":[{"href":"https:\/\/www.tahitiplaisirs.com\/en\/wp-json\/wp\/v2\/product"}],"about":[{"href":"https:\/\/www.tahitiplaisirs.com\/en\/wp-json\/wp\/v2\/types\/product"}],"version-history":[{"count":3,"href":"https:\/\/www.tahitiplaisirs.com\/en\/wp-json\/wp\/v2\/product\/5483\/revisions"}],"predecessor-version":[{"id":8857,"href":"https:\/\/www.tahitiplaisirs.com\/en\/wp-json\/wp\/v2\/product\/5483\/revisions\/8857"}],"wp:featuredmedia":[{"embeddable":true,"href":"https:\/\/www.tahitiplaisirs.com\/en\/wp-json\/wp\/v2\/media\/8855"}],"wp:attachment":[{"href":"https:\/\/www.tahitiplaisirs.com\/en\/wp-json\/wp\/v2\/media?parent=5483"}],"wp:term":[{"taxonomy":"product_brand","embeddable":true,"href":"https:\/\/www.tahitiplaisirs.com\/en\/wp-json\/wp\/v2\/product_brand?post=5483"},{"taxonomy":"product_cat","embeddable":true,"href":"https:\/\/www.tahitiplaisirs.com\/en\/wp-json\/wp\/v2\/product_cat?post=5483"},{"taxonomy":"product_tag","embeddable":true,"href":"https:\/\/www.tahitiplaisirs.com\/en\/wp-json\/wp\/v2\/product_tag?post=5483"}],"curies":[{"name":"wp","href":"https:\/\/api.w.org\/{rel}","templated":true}]}}