{"id":5484,"date":"2025-08-15T16:13:34","date_gmt":"2025-08-16T02:13:34","guid":{"rendered":"https:\/\/www.tahitiplaisirs.com\/?post_type=product&#038;p=5484"},"modified":"2026-04-17T16:15:04","modified_gmt":"2026-04-18T02:15:04","slug":"bodystocking-never-settle-noir-rr-s-l","status":"publish","type":"product","link":"https:\/\/www.tahitiplaisirs.com\/en\/product\/bodystocking-never-settle-noir-rr-s-l\/","title":{"rendered":"Bodystocking Never Settle noir RR S-L"},"content":{"rendered":"","protected":false},"excerpt":{"rendered":"<p>Bodystocking Never Settle S-L de Ren\u00e9 Rof\u00e9<\/p>\n<p><span dir=\"auto\">Ce body en dentelle raffin\u00e9e apportera une touche \u00e9rotique \u00e0 vos tenues.<\/span><\/p>\n<p><span dir=\"auto\">Dot\u00e9 d&rsquo;un porte-jarretelles int\u00e9gr\u00e9, ce body est orn\u00e9 d&rsquo;un joli n\u0153ud rouge dans le bas du dos, comme un cadeau pr\u00eat \u00e0 \u00eatre ouvert !<\/span><\/p>\n<p><span dir=\"auto\">Mati\u00e8re : 92 % nylon, 8 % \u00e9lasthanne<\/span><\/p>\n<p><span dir=\"auto\">Taille unique : S-L\u00a0 (40-73 kg)<\/span><\/p>","protected":false},"featured_media":8919,"template":"","meta":[],"product_brand":[112],"product_cat":[73,74,63],"product_tag":[],"class_list":{"0":"post-5484","1":"product","2":"type-product","3":"status-publish","4":"has-post-thumbnail","6":"product_brand-rene-rofe","7":"product_cat-lingerie-sexy","8":"product_cat-nuisettes-bodys-et-set","9":"product_cat-pour-elle","12":"instock","13":"taxable","14":"shipping-taxable","15":"purchasable","16":"product-type-simple","17":"product-grid-view"},"_links":{"self":[{"href":"https:\/\/www.tahitiplaisirs.com\/en\/wp-json\/wp\/v2\/product\/5484","targetHints":{"allow":["GET"]}}],"collection":[{"href":"https:\/\/www.tahitiplaisirs.com\/en\/wp-json\/wp\/v2\/product"}],"about":[{"href":"https:\/\/www.tahitiplaisirs.com\/en\/wp-json\/wp\/v2\/types\/product"}],"version-history":[{"count":4,"href":"https:\/\/www.tahitiplaisirs.com\/en\/wp-json\/wp\/v2\/product\/5484\/revisions"}],"predecessor-version":[{"id":9366,"href":"https:\/\/www.tahitiplaisirs.com\/en\/wp-json\/wp\/v2\/product\/5484\/revisions\/9366"}],"wp:featuredmedia":[{"embeddable":true,"href":"https:\/\/www.tahitiplaisirs.com\/en\/wp-json\/wp\/v2\/media\/8919"}],"wp:attachment":[{"href":"https:\/\/www.tahitiplaisirs.com\/en\/wp-json\/wp\/v2\/media?parent=5484"}],"wp:term":[{"taxonomy":"product_brand","embeddable":true,"href":"https:\/\/www.tahitiplaisirs.com\/en\/wp-json\/wp\/v2\/product_brand?post=5484"},{"taxonomy":"product_cat","embeddable":true,"href":"https:\/\/www.tahitiplaisirs.com\/en\/wp-json\/wp\/v2\/product_cat?post=5484"},{"taxonomy":"product_tag","embeddable":true,"href":"https:\/\/www.tahitiplaisirs.com\/en\/wp-json\/wp\/v2\/product_tag?post=5484"}],"curies":[{"name":"wp","href":"https:\/\/api.w.org\/{rel}","templated":true}]}}