{"id":5491,"date":"2025-08-15T16:13:34","date_gmt":"2025-08-16T02:13:34","guid":{"rendered":"https:\/\/www.tahitiplaisirs.com\/?post_type=product&#038;p=5491"},"modified":"2026-03-21T14:04:08","modified_gmt":"2026-03-22T00:04:08","slug":"set-up-down-noir-rr-m-l","status":"publish","type":"product","link":"https:\/\/www.tahitiplaisirs.com\/en\/product\/set-up-down-noir-rr-m-l\/","title":{"rendered":"Set Up &#038; Down noir RR M\/L"},"content":{"rendered":"","protected":false},"excerpt":{"rendered":"<p>Ensemble Up &amp; Down M\/L de Ren\u00e9 Rof\u00e9<\/p>\n<p><span dir=\"auto\">Ensemble 3 pi\u00e8ces compos\u00e9 d&rsquo;un string avec porte-jarretelles en dentelle transparente et de son soutien-gorge \u00e0 bretelles.<\/span><\/p>\n<p><span dir=\"auto\">Mati\u00e8re : 90 % nylon, 10 % \u00e9lasthanne<\/span><\/p>\n<p><span dir=\"auto\">Taille M\/L, convient \u00e0 la plupart des personnes de 54 \u00e0 73 kg.<\/span><\/p>","protected":false},"featured_media":8924,"template":"","meta":[],"product_brand":[112],"product_cat":[73,74,63],"product_tag":[],"class_list":{"0":"post-5491","1":"product","2":"type-product","3":"status-publish","4":"has-post-thumbnail","6":"product_brand-rene-rofe","7":"product_cat-lingerie-sexy","8":"product_cat-nuisettes-bodys-et-set","9":"product_cat-pour-elle","12":"instock","13":"taxable","14":"shipping-taxable","15":"purchasable","16":"product-type-simple","17":"product-grid-view"},"_links":{"self":[{"href":"https:\/\/www.tahitiplaisirs.com\/en\/wp-json\/wp\/v2\/product\/5491","targetHints":{"allow":["GET"]}}],"collection":[{"href":"https:\/\/www.tahitiplaisirs.com\/en\/wp-json\/wp\/v2\/product"}],"about":[{"href":"https:\/\/www.tahitiplaisirs.com\/en\/wp-json\/wp\/v2\/types\/product"}],"version-history":[{"count":4,"href":"https:\/\/www.tahitiplaisirs.com\/en\/wp-json\/wp\/v2\/product\/5491\/revisions"}],"predecessor-version":[{"id":9354,"href":"https:\/\/www.tahitiplaisirs.com\/en\/wp-json\/wp\/v2\/product\/5491\/revisions\/9354"}],"wp:featuredmedia":[{"embeddable":true,"href":"https:\/\/www.tahitiplaisirs.com\/en\/wp-json\/wp\/v2\/media\/8924"}],"wp:attachment":[{"href":"https:\/\/www.tahitiplaisirs.com\/en\/wp-json\/wp\/v2\/media?parent=5491"}],"wp:term":[{"taxonomy":"product_brand","embeddable":true,"href":"https:\/\/www.tahitiplaisirs.com\/en\/wp-json\/wp\/v2\/product_brand?post=5491"},{"taxonomy":"product_cat","embeddable":true,"href":"https:\/\/www.tahitiplaisirs.com\/en\/wp-json\/wp\/v2\/product_cat?post=5491"},{"taxonomy":"product_tag","embeddable":true,"href":"https:\/\/www.tahitiplaisirs.com\/en\/wp-json\/wp\/v2\/product_tag?post=5491"}],"curies":[{"name":"wp","href":"https:\/\/api.w.org\/{rel}","templated":true}]}}