{"id":5525,"date":"2025-08-15T16:13:38","date_gmt":"2025-08-16T02:13:38","guid":{"rendered":"https:\/\/www.tahitiplaisirs.com\/?post_type=product&#038;p=5525"},"modified":"2026-04-10T10:35:13","modified_gmt":"2026-04-10T20:35:13","slug":"joint-advanced-noir-75mm","status":"publish","type":"product","link":"https:\/\/www.tahitiplaisirs.com\/en\/product\/joint-advanced-noir-75mm\/","title":{"rendered":"Joint Advanced noir \u00d8 75mm"},"content":{"rendered":"","protected":false},"excerpt":{"rendered":"<p dir=\"ltr\" data-placeholder=\"Traduction\">Joint noir pour pompe de <span class=\"Y2IQFc\" lang=\"fr\">Calexotics<\/span><\/p>\n<p id=\"tw-target-text\" class=\"tw-data-text tw-text-large tw-ta\" dir=\"ltr\" data-placeholder=\"Traduction\"><span class=\"Y2IQFc\" lang=\"fr\">Ce joint de remplacement est fabriqu\u00e9 en silicone de haute qualit\u00e9<br \/>\n<\/span><\/p>\n<p dir=\"ltr\" data-placeholder=\"Traduction\">Convient aux pompes d&rsquo;un diam\u00e8tre maximal de 7,5 cm<\/p>\n<p class=\"tw-data-text tw-text-large tw-ta\" dir=\"ltr\" data-placeholder=\"Traduction\"><span class=\"Y2IQFc\" lang=\"fr\">Doux, extensible et durable, ce manchon maintient un joint \u00e9tanche lorsque votre p\u00e9nis est ins\u00e9r\u00e9 dans le cylindre de la pompe.<\/span><\/p>","protected":false},"featured_media":9730,"template":"","meta":[],"product_brand":[117],"product_cat":[52,51],"product_tag":[],"class_list":{"0":"post-5525","1":"product","2":"type-product","3":"status-publish","4":"has-post-thumbnail","6":"product_brand-calexotics","7":"product_cat-developpement-du-penis","8":"product_cat-pour-lui","11":"instock","12":"taxable","13":"shipping-taxable","14":"purchasable","15":"product-type-simple","16":"product-grid-view"},"_links":{"self":[{"href":"https:\/\/www.tahitiplaisirs.com\/en\/wp-json\/wp\/v2\/product\/5525","targetHints":{"allow":["GET"]}}],"collection":[{"href":"https:\/\/www.tahitiplaisirs.com\/en\/wp-json\/wp\/v2\/product"}],"about":[{"href":"https:\/\/www.tahitiplaisirs.com\/en\/wp-json\/wp\/v2\/types\/product"}],"version-history":[{"count":3,"href":"https:\/\/www.tahitiplaisirs.com\/en\/wp-json\/wp\/v2\/product\/5525\/revisions"}],"predecessor-version":[{"id":9737,"href":"https:\/\/www.tahitiplaisirs.com\/en\/wp-json\/wp\/v2\/product\/5525\/revisions\/9737"}],"wp:featuredmedia":[{"embeddable":true,"href":"https:\/\/www.tahitiplaisirs.com\/en\/wp-json\/wp\/v2\/media\/9730"}],"wp:attachment":[{"href":"https:\/\/www.tahitiplaisirs.com\/en\/wp-json\/wp\/v2\/media?parent=5525"}],"wp:term":[{"taxonomy":"product_brand","embeddable":true,"href":"https:\/\/www.tahitiplaisirs.com\/en\/wp-json\/wp\/v2\/product_brand?post=5525"},{"taxonomy":"product_cat","embeddable":true,"href":"https:\/\/www.tahitiplaisirs.com\/en\/wp-json\/wp\/v2\/product_cat?post=5525"},{"taxonomy":"product_tag","embeddable":true,"href":"https:\/\/www.tahitiplaisirs.com\/en\/wp-json\/wp\/v2\/product_tag?post=5525"}],"curies":[{"name":"wp","href":"https:\/\/api.w.org\/{rel}","templated":true}]}}