{"id":5527,"date":"2025-08-15T16:13:38","date_gmt":"2025-08-16T02:13:38","guid":{"rendered":"https:\/\/www.tahitiplaisirs.com\/?post_type=product&#038;p=5527"},"modified":"2026-03-21T14:04:16","modified_gmt":"2026-03-22T00:04:16","slug":"set-3-pieces-noir-rouge-kl-s-l","status":"publish","type":"product","link":"https:\/\/www.tahitiplaisirs.com\/en\/product\/set-3-pieces-noir-rouge-kl-s-l\/","title":{"rendered":"Set 3 pi\u00e8ces noir &#038; rouge KL S-L"},"content":{"rendered":"","protected":false},"excerpt":{"rendered":"<p>Set 3 pi\u00e8ces noir et rouge S-L de Killer Legs<\/p>\n<p>r\u00e9f 818JT483_BLK<\/p>\n<p><span dir=\"auto\">Ensemble compos\u00e9 d&rsquo;un corsage en dentelle dot\u00e9 de fines bretelles, d&rsquo;une jupe en dentelle \u00e0 bordure et de son string assorti.<\/span><\/p>\n<p><span dir=\"auto\">Composition : 92 % nylon, 8 % \u00e9lasthanne.<\/span><\/p>","protected":false},"featured_media":8845,"template":"","meta":[],"product_brand":[136],"product_cat":[73,74,63],"product_tag":[],"class_list":{"0":"post-5527","1":"product","2":"type-product","3":"status-publish","4":"has-post-thumbnail","6":"product_brand-killer-legs","7":"product_cat-lingerie-sexy","8":"product_cat-nuisettes-bodys-et-set","9":"product_cat-pour-elle","12":"instock","13":"taxable","14":"shipping-taxable","15":"purchasable","16":"product-type-simple","17":"product-grid-view"},"_links":{"self":[{"href":"https:\/\/www.tahitiplaisirs.com\/en\/wp-json\/wp\/v2\/product\/5527","targetHints":{"allow":["GET"]}}],"collection":[{"href":"https:\/\/www.tahitiplaisirs.com\/en\/wp-json\/wp\/v2\/product"}],"about":[{"href":"https:\/\/www.tahitiplaisirs.com\/en\/wp-json\/wp\/v2\/types\/product"}],"version-history":[{"count":3,"href":"https:\/\/www.tahitiplaisirs.com\/en\/wp-json\/wp\/v2\/product\/5527\/revisions"}],"predecessor-version":[{"id":8848,"href":"https:\/\/www.tahitiplaisirs.com\/en\/wp-json\/wp\/v2\/product\/5527\/revisions\/8848"}],"wp:featuredmedia":[{"embeddable":true,"href":"https:\/\/www.tahitiplaisirs.com\/en\/wp-json\/wp\/v2\/media\/8845"}],"wp:attachment":[{"href":"https:\/\/www.tahitiplaisirs.com\/en\/wp-json\/wp\/v2\/media?parent=5527"}],"wp:term":[{"taxonomy":"product_brand","embeddable":true,"href":"https:\/\/www.tahitiplaisirs.com\/en\/wp-json\/wp\/v2\/product_brand?post=5527"},{"taxonomy":"product_cat","embeddable":true,"href":"https:\/\/www.tahitiplaisirs.com\/en\/wp-json\/wp\/v2\/product_cat?post=5527"},{"taxonomy":"product_tag","embeddable":true,"href":"https:\/\/www.tahitiplaisirs.com\/en\/wp-json\/wp\/v2\/product_tag?post=5527"}],"curies":[{"name":"wp","href":"https:\/\/api.w.org\/{rel}","templated":true}]}}