{"id":5548,"date":"2025-08-15T16:13:39","date_gmt":"2025-08-16T02:13:39","guid":{"rendered":"https:\/\/www.tahitiplaisirs.com\/?post_type=product&#038;p=5548"},"modified":"2026-04-10T10:33:08","modified_gmt":"2026-04-10T20:33:08","slug":"chocolat-love-tonic-passion","status":"publish","type":"product","link":"https:\/\/www.tahitiplaisirs.com\/en\/product\/chocolat-love-tonic-passion\/","title":{"rendered":"Chocolat Love Tonic Passion"},"content":{"rendered":"","protected":false},"excerpt":{"rendered":"<p>Tablette de chocolat Love Tonic Passion 90g de Delikao<\/p>\n<p>Pr\u00eat pour une explosion de saveurs qui r\u00e9veillera vos papilles aussi bien que votre libido ?<\/p>\n<p>Laissez vous s\u00e9duire par Love Tonic Passion, le chocolat noir irr\u00e9sistible agr\u00e9ment\u00e9 d&rsquo;\u00e9clats de caramel et sa touche exotique de fruit de la passion.<\/p>\n<p>Le seul chocolat aphrodisiaque sur le march\u00e9 fran\u00e7ais dont les ingr\u00e9dients ont \u00e9t\u00e9 test\u00e9s en laboratoire aux dosages propos\u00e9s.<\/p>\n<p>Les + du Love Tonic Passion :<\/p>\n<ul data-start=\"515\" data-end=\"1086\">\n<li data-start=\"515\" data-end=\"648\">Puissant aphrodisiaque naturel\u00a0: enrichi en Maca, Zinc et Liboost\u00ae (damiana brevet\u00e9e) pour stimuler le d\u00e9sir et l\u2019\u00e9nergie.<\/li>\n<li data-start=\"649\" data-end=\"762\">Sans sucres raffin\u00e9s ni l\u00e9cithine de soja\u00a0: un chocolat pur, savoureux et respectueux de votre bien-\u00eatre.<\/li>\n<li data-start=\"763\" data-end=\"881\">Dosage \u00e9tudi\u00e9 en laboratoire\u00a0: 15 g par jour suffisent pour ressentir ses effets sur la libido et la vitalit\u00e9.<\/li>\n<li data-start=\"882\" data-end=\"1009\">Ingr\u00e9dients d\u2019origine naturelle\u00a0: une s\u00e9lection de plantes et de nutriments reconnus pour leurs propri\u00e9t\u00e9s stimulantes.<\/li>\n<li data-start=\"1010\" data-end=\"1086\">Fabrication fran\u00e7aise\u00a0: qualit\u00e9 premium et savoir-faire chocolatier.<\/li>\n<\/ul>","protected":false},"featured_media":9471,"template":"","meta":[],"product_brand":[],"product_cat":[49,63,51,67,55],"product_tag":[],"class_list":{"0":"post-5548","1":"product","2":"type-product","3":"status-publish","4":"has-post-thumbnail","6":"product_cat-bien-etre","7":"product_cat-pour-elle","8":"product_cat-pour-lui","9":"product_cat-stimulants-femmes","10":"product_cat-stimulants-hommes","13":"instock","14":"taxable","15":"shipping-taxable","16":"purchasable","17":"product-type-simple","18":"product-grid-view"},"_links":{"self":[{"href":"https:\/\/www.tahitiplaisirs.com\/en\/wp-json\/wp\/v2\/product\/5548","targetHints":{"allow":["GET"]}}],"collection":[{"href":"https:\/\/www.tahitiplaisirs.com\/en\/wp-json\/wp\/v2\/product"}],"about":[{"href":"https:\/\/www.tahitiplaisirs.com\/en\/wp-json\/wp\/v2\/types\/product"}],"version-history":[{"count":3,"href":"https:\/\/www.tahitiplaisirs.com\/en\/wp-json\/wp\/v2\/product\/5548\/revisions"}],"predecessor-version":[{"id":9470,"href":"https:\/\/www.tahitiplaisirs.com\/en\/wp-json\/wp\/v2\/product\/5548\/revisions\/9470"}],"wp:featuredmedia":[{"embeddable":true,"href":"https:\/\/www.tahitiplaisirs.com\/en\/wp-json\/wp\/v2\/media\/9471"}],"wp:attachment":[{"href":"https:\/\/www.tahitiplaisirs.com\/en\/wp-json\/wp\/v2\/media?parent=5548"}],"wp:term":[{"taxonomy":"product_brand","embeddable":true,"href":"https:\/\/www.tahitiplaisirs.com\/en\/wp-json\/wp\/v2\/product_brand?post=5548"},{"taxonomy":"product_cat","embeddable":true,"href":"https:\/\/www.tahitiplaisirs.com\/en\/wp-json\/wp\/v2\/product_cat?post=5548"},{"taxonomy":"product_tag","embeddable":true,"href":"https:\/\/www.tahitiplaisirs.com\/en\/wp-json\/wp\/v2\/product_tag?post=5548"}],"curies":[{"name":"wp","href":"https:\/\/api.w.org\/{rel}","templated":true}]}}