{"id":5585,"date":"2025-08-15T16:13:42","date_gmt":"2025-08-16T02:13:42","guid":{"rendered":"https:\/\/www.tahitiplaisirs.com\/?post_type=product&#038;p=5585"},"modified":"2025-12-09T15:29:07","modified_gmt":"2025-12-10T01:29:07","slug":"calendrier-deluxe-satisfyer-2025","status":"publish","type":"product","link":"https:\/\/www.tahitiplaisirs.com\/en\/product\/calendrier-deluxe-satisfyer-2025\/","title":{"rendered":"Calendrier Deluxe Satisfyer 2025"},"content":{"rendered":"","protected":false},"excerpt":{"rendered":"<p>Calendrier de l\u2019Avent Deluxe de Satisfyer<\/p>\n<p>La c\u00e9l\u00e8bre marque de\u00a0jouet coquin\u00a0ne vous laissera pas vous ennuyer durant les f\u00eates de No\u00ebl avec son\u00a0calendrier de l\u2019Avent Satisfyer 2025 !<\/p>\n<p>Un coffret en version Deluxe qui a tout pr\u00e9vu pour rendre le d\u00e9compte plus\u00a0sexy, plus interactif, plus vibrant avec\u00a024 surprises \u00e9rotiques, dont des produits phares Satisfyer et Penthouse, r\u00e9veilleront votre d\u00e9sir.<\/p>\n<p class=\"digital-publishing-fluid-text-5288\">Derri\u00e8re chaque porte se cachent 24 surprises, parmi lesquelles des joujoux \u00e9rotiques Satisfyer soigneusement s\u00e9lectionn\u00e9s, des accessoires styl\u00e9s, des produits de bien-\u00eatre sensuels, des articles BDSM torrides et des extras ludiques<\/p>\n<p><b>Contenu du coffret :<\/b><br \/>\n&#8211; 1 Boule de geisha<br \/>\n&#8211; 1 Bougie de massage Satisfyer<br \/>\n&#8211; 1 Huile de massage Satisfyer<br \/>\n&#8211; 1 Jeu de cartes \u00e9rotiques (Anglais\/Allemand)<br \/>\n&#8211; 1 Lubrifiant Satisfyer<br \/>\n&#8211; 1 \u0152uf Satisfyer (gaine masturbatrice)<br \/>\n&#8211; 1 Nettoyant pour jouets Satisfyer<br \/>\n&#8211; 1 bandeau pour les yeux en satin<br \/>\n&#8211; 1 Chapelet anal<br \/>\n&#8211; 1 Paire de menottes<br \/>\n&#8211; 1 Paire de pinces \u00e0 t\u00e9tons<br \/>\n&#8211; 1 Fouet<br \/>\n&#8211; 1 Gaine p\u00e9nienne \u00e0 picots<br \/>\n&#8211; 1 Plumeau coquin<br \/>\n&#8211; 1 Vibromasseur \u00e0 ondes de pression Fun Factory \u00ab Intense \u00bb<br \/>\n&#8211; 1 Lubrifiant Satisfaisant<br \/>\n&#8211; 1 Bodystocking taille unique Penthouse (al\u00e9atoire)<br \/>\n&#8211; 1 Coupe menstruelle Fun Factory \u00ab Fun Cup \u00bb, taille A<br \/>\n&#8211; 1 Culotte de No\u00ebl Penthouse<br \/>\n&#8211; 1 Satisfyer \u00ab\u00a0Booty Call\u00a0\u00bb en silicone (1 seule pi\u00e8ce)<br \/>\n&#8211; 1 Ruban de bondage<br \/>\n&#8211; 1 Vibro-bullet puissant<br \/>\n&#8211; 1 Jeu de d\u00e9s \u00e9rotique (2 pi\u00e8ces)<br \/>\n&#8211; 1 Vibromasseur Fun Factory Ange Wicked Wings<\/p>","protected":false},"featured_media":9713,"template":"","meta":[],"product_brand":[103],"product_cat":[57,142,71,63,51],"product_tag":[],"class_list":{"0":"post-5585","1":"product","2":"type-product","3":"status-publish","4":"has-post-thumbnail","6":"product_brand-satisfyer","7":"product_cat-accessoires","8":"product_cat-coffret-sexy","9":"product_cat-pour-couple","10":"product_cat-pour-elle","11":"product_cat-pour-lui","14":"instock","15":"taxable","16":"shipping-taxable","17":"purchasable","18":"product-type-simple","19":"product-grid-view"},"_links":{"self":[{"href":"https:\/\/www.tahitiplaisirs.com\/en\/wp-json\/wp\/v2\/product\/5585","targetHints":{"allow":["GET"]}}],"collection":[{"href":"https:\/\/www.tahitiplaisirs.com\/en\/wp-json\/wp\/v2\/product"}],"about":[{"href":"https:\/\/www.tahitiplaisirs.com\/en\/wp-json\/wp\/v2\/types\/product"}],"version-history":[{"count":3,"href":"https:\/\/www.tahitiplaisirs.com\/en\/wp-json\/wp\/v2\/product\/5585\/revisions"}],"predecessor-version":[{"id":9711,"href":"https:\/\/www.tahitiplaisirs.com\/en\/wp-json\/wp\/v2\/product\/5585\/revisions\/9711"}],"wp:featuredmedia":[{"embeddable":true,"href":"https:\/\/www.tahitiplaisirs.com\/en\/wp-json\/wp\/v2\/media\/9713"}],"wp:attachment":[{"href":"https:\/\/www.tahitiplaisirs.com\/en\/wp-json\/wp\/v2\/media?parent=5585"}],"wp:term":[{"taxonomy":"product_brand","embeddable":true,"href":"https:\/\/www.tahitiplaisirs.com\/en\/wp-json\/wp\/v2\/product_brand?post=5585"},{"taxonomy":"product_cat","embeddable":true,"href":"https:\/\/www.tahitiplaisirs.com\/en\/wp-json\/wp\/v2\/product_cat?post=5585"},{"taxonomy":"product_tag","embeddable":true,"href":"https:\/\/www.tahitiplaisirs.com\/en\/wp-json\/wp\/v2\/product_tag?post=5585"}],"curies":[{"name":"wp","href":"https:\/\/api.w.org\/{rel}","templated":true}]}}