{"id":5594,"date":"2025-08-15T16:13:43","date_gmt":"2025-08-16T02:13:43","guid":{"rendered":"https:\/\/www.tahitiplaisirs.com\/?post_type=product&#038;p=5594"},"modified":"2026-03-21T14:03:06","modified_gmt":"2026-03-22T00:03:06","slug":"stimulateur-de-clitoris-rose-pro-2-modern-blossom","status":"publish","type":"product","link":"https:\/\/www.tahitiplaisirs.com\/en\/product\/stimulateur-de-clitoris-rose-pro-2-modern-blossom\/","title":{"rendered":"Stimulateur Pro 2 Modern Blossom"},"content":{"rendered":"","protected":false},"excerpt":{"rendered":"<p>Stimulateur de clitoris rose Pro 2 Modern Blossom de Satisfyer<\/p>\n<p>Le Pro 2 Modern Blossom est un stimulateur de clitoris en forme de rose.<\/p>\n<p>Il stimule le clitoris par ondes de pression intenses ou sans contact direct.<\/p>\n<p>La technologie Liquid Air reproduit la sensation caressante d\u2019un jet d\u2019eau puls\u00e9.<\/p>\n<p>Il est fabriqu\u00e9 \u00e0 partir de silicone de qualit\u00e9 m\u00e9dicale soyeux, est doux pour le corps, agr\u00e9able au toucher et est extr\u00eamement hygi\u00e9nique.<\/p>\n<p>Il propose 11 programmes d\u2019ondes de pression<\/p>","protected":false},"featured_media":7002,"template":"","meta":[],"product_brand":[],"product_cat":[47,48],"product_tag":[],"class_list":{"0":"post-5594","1":"product","2":"type-product","3":"status-publish","4":"has-post-thumbnail","6":"product_cat-sextoys","7":"product_cat-stimulateurs-clitoridiens","10":"instock","11":"taxable","12":"shipping-taxable","13":"purchasable","14":"product-type-simple","15":"product-grid-view"},"_links":{"self":[{"href":"https:\/\/www.tahitiplaisirs.com\/en\/wp-json\/wp\/v2\/product\/5594","targetHints":{"allow":["GET"]}}],"collection":[{"href":"https:\/\/www.tahitiplaisirs.com\/en\/wp-json\/wp\/v2\/product"}],"about":[{"href":"https:\/\/www.tahitiplaisirs.com\/en\/wp-json\/wp\/v2\/types\/product"}],"version-history":[{"count":1,"href":"https:\/\/www.tahitiplaisirs.com\/en\/wp-json\/wp\/v2\/product\/5594\/revisions"}],"predecessor-version":[{"id":5624,"href":"https:\/\/www.tahitiplaisirs.com\/en\/wp-json\/wp\/v2\/product\/5594\/revisions\/5624"}],"wp:featuredmedia":[{"embeddable":true,"href":"https:\/\/www.tahitiplaisirs.com\/en\/wp-json\/wp\/v2\/media\/7002"}],"wp:attachment":[{"href":"https:\/\/www.tahitiplaisirs.com\/en\/wp-json\/wp\/v2\/media?parent=5594"}],"wp:term":[{"taxonomy":"product_brand","embeddable":true,"href":"https:\/\/www.tahitiplaisirs.com\/en\/wp-json\/wp\/v2\/product_brand?post=5594"},{"taxonomy":"product_cat","embeddable":true,"href":"https:\/\/www.tahitiplaisirs.com\/en\/wp-json\/wp\/v2\/product_cat?post=5594"},{"taxonomy":"product_tag","embeddable":true,"href":"https:\/\/www.tahitiplaisirs.com\/en\/wp-json\/wp\/v2\/product_tag?post=5594"}],"curies":[{"name":"wp","href":"https:\/\/api.w.org\/{rel}","templated":true}]}}