{"id":5597,"date":"2025-08-15T16:13:43","date_gmt":"2025-08-16T02:13:43","guid":{"rendered":"https:\/\/www.tahitiplaisirs.com\/?post_type=product&#038;p=5597"},"modified":"2026-02-24T15:20:05","modified_gmt":"2026-02-25T01:20:05","slug":"masturbateur-men-classic-silver","status":"publish","type":"product","link":"https:\/\/www.tahitiplaisirs.com\/en\/product\/masturbateur-men-classic-silver\/","title":{"rendered":"Masturbateur Men Classic Silver"},"content":{"rendered":"","protected":false},"excerpt":{"rendered":"<p>Masturbateur Men Classic Silver de Satisfyer<\/p>\n<p>Men Classic est un masturbateur \u00e9l\u00e9gant id\u00e9al pour stimuler la totalit\u00e9 du p\u00e9nis.<\/p>\n<p>Le manchon interchangeable a un mat\u00e9riau similaire \u00e0 la peau, donne une impression r\u00e9aliste et s\u00e9duit par son design discret.<\/p>\n<p>Avec ses structures diff\u00e9rentes et interchangeables, il stimulera agr\u00e9ablement la totalit\u00e9 du p\u00e9nis.<\/p>\n<p>Le r\u00e9gulateur de pression interne permet d&rsquo;obtenir une \u00e9troitesse suppl\u00e9mentaire.<\/p>\n<p>Le manchon robuste est fabriqu\u00e9 en plastique ABS r\u00e9sistant aux rayures et pr\u00e9sente un design \u00e9l\u00e9gant et discret.<\/p>\n<p>Le manchon \u00e9tant amovible, le Satisfyer Men Classic est facile \u00e0 nettoyer.<\/p>","protected":false},"featured_media":9930,"template":"","meta":[],"product_brand":[103],"product_cat":[78,51],"product_tag":[],"class_list":{"0":"post-5597","1":"product","2":"type-product","3":"status-publish","4":"has-post-thumbnail","6":"product_brand-satisfyer","7":"product_cat-masturbateurs","8":"product_cat-pour-lui","11":"instock","12":"taxable","13":"shipping-taxable","14":"purchasable","15":"product-type-simple","16":"product-grid-view"},"_links":{"self":[{"href":"https:\/\/www.tahitiplaisirs.com\/en\/wp-json\/wp\/v2\/product\/5597","targetHints":{"allow":["GET"]}}],"collection":[{"href":"https:\/\/www.tahitiplaisirs.com\/en\/wp-json\/wp\/v2\/product"}],"about":[{"href":"https:\/\/www.tahitiplaisirs.com\/en\/wp-json\/wp\/v2\/types\/product"}],"version-history":[{"count":3,"href":"https:\/\/www.tahitiplaisirs.com\/en\/wp-json\/wp\/v2\/product\/5597\/revisions"}],"predecessor-version":[{"id":9928,"href":"https:\/\/www.tahitiplaisirs.com\/en\/wp-json\/wp\/v2\/product\/5597\/revisions\/9928"}],"wp:featuredmedia":[{"embeddable":true,"href":"https:\/\/www.tahitiplaisirs.com\/en\/wp-json\/wp\/v2\/media\/9930"}],"wp:attachment":[{"href":"https:\/\/www.tahitiplaisirs.com\/en\/wp-json\/wp\/v2\/media?parent=5597"}],"wp:term":[{"taxonomy":"product_brand","embeddable":true,"href":"https:\/\/www.tahitiplaisirs.com\/en\/wp-json\/wp\/v2\/product_brand?post=5597"},{"taxonomy":"product_cat","embeddable":true,"href":"https:\/\/www.tahitiplaisirs.com\/en\/wp-json\/wp\/v2\/product_cat?post=5597"},{"taxonomy":"product_tag","embeddable":true,"href":"https:\/\/www.tahitiplaisirs.com\/en\/wp-json\/wp\/v2\/product_tag?post=5597"}],"curies":[{"name":"wp","href":"https:\/\/api.w.org\/{rel}","templated":true}]}}