{"id":5600,"date":"2025-08-15T16:13:43","date_gmt":"2025-08-16T02:13:43","guid":{"rendered":"https:\/\/www.tahitiplaisirs.com\/?post_type=product&#038;p=5600"},"modified":"2025-12-09T15:29:45","modified_gmt":"2025-12-10T01:29:45","slug":"calendrier-premium-satisfyer-2025","status":"publish","type":"product","link":"https:\/\/www.tahitiplaisirs.com\/en\/product\/calendrier-premium-satisfyer-2025\/","title":{"rendered":"Calendrier Premium Satisfyer 2025"},"content":{"rendered":"","protected":false},"excerpt":{"rendered":"<p>Calendrier Premium Satisfyer 2025<\/p>\n<p>Le calendrier de l\u2019Avent Premium Satisfyer 2025 va plus loin qu&rsquo;une simple am\u00e9lioration du d\u00e9cor ou du minibar&#8230;<\/p>\n<p>Il offre 24 moments luxueux qui vous s\u00e9duiront jour apr\u00e8s jour.<\/p>\n<div>Le calendrier de l&rsquo;Avent Satisfyer Premium 2025 contient 24 surprises sensuelles :<\/div>\n<div class=\"dig-pub--text\">\n<ul>\n<li class=\"digital-publishing-fluid-text-5447\">1 Pulsateur sexuel Fun Factory \u00ab Stronic Wave \u00bb<\/li>\n<li class=\"digital-publishing-fluid-text-5447\">1 Coupe menstruelle Fun Factory \u00ab Fun Cup \u00bb, taille A<\/li>\n<li class=\"digital-publishing-fluid-text-5447\">1 Vibromasseur Satisfyer Air Pulse \u00ab Deep Kiss \u00bb<\/li>\n<li class=\"digital-publishing-fluid-text-5447\">Boules de Geisha Fun Factory \u00ab Smartballs Duo \u00bb<\/li>\n<li class=\"digital-publishing-fluid-text-5447\">1 Vibromasseur Satisfyer Air Pulse \u00ab Intense \u00bb<\/li>\n<li class=\"digital-publishing-fluid-text-5447\">1 Vibromasseur Fun Factory Stronic \u00ab Mr. Boss \u00bb<\/li>\n<li class=\"digital-publishing-fluid-text-5447\">1 Vibromasseur Fun Factory \u00ab Darling Devil \u00bb<\/li>\n<li class=\"digital-publishing-fluid-text-5447\">1 Plug anal Fun Factory \u00ab Bootie FEM \u00bb<\/li>\n<li class=\"digital-publishing-fluid-text-5447\">2 lubrifiants Satisfyer<\/li>\n<li class=\"digital-publishing-fluid-text-5447\">1 Jeu \u00e9rotique exclusif<\/li>\n<li class=\"digital-publishing-fluid-text-5447\">2 huiles de massage Satisfyer<\/li>\n<li class=\"digital-publishing-fluid-text-5447\">1 Nettoyant pour sextoys Satisfyer<\/li>\n<li class=\"digital-publishing-fluid-text-5447\">1 Bougie Satisfyer<\/li>\n<li class=\"digital-publishing-fluid-text-5447\">1 \u0152uf masturbateur Satisfyer \u00ab Naughty \u00bb<\/li>\n<li class=\"digital-publishing-fluid-text-5447\">1 Plug anal Satisfyer \u00ab Booty Call \u00bb<\/li>\n<li class=\"digital-publishing-fluid-text-5447\">1 Paire de pinces \u00e0 t\u00e9tons avec strass<\/li>\n<li class=\"digital-publishing-fluid-text-5447\">1 Culotte de No\u00ebl Penthouse<\/li>\n<li class=\"digital-publishing-fluid-text-5447\">1 bandeau pour les yeux satin\u00e9 opaque<\/li>\n<li class=\"digital-publishing-fluid-text-5447\">1 Paire de menottes en dentelle<\/li>\n<li class=\"digital-publishing-fluid-text-5447\">1 Plumeau \u00e0 chatouilles<\/li>\n<li class=\"digital-publishing-fluid-text-5447\">1 Ruban adh\u00e9sif de bondage<\/li>\n<li class=\"digital-publishing-fluid-text-5447\">1 Jeu de d\u00e9s \u00e9rotique (2 pi\u00e8ces)<\/li>\n<\/ul>\n<\/div>","protected":false},"featured_media":9714,"template":"","meta":[],"product_brand":[103],"product_cat":[142,71,63,51],"product_tag":[],"class_list":{"0":"post-5600","1":"product","2":"type-product","3":"status-publish","4":"has-post-thumbnail","6":"product_brand-satisfyer","7":"product_cat-coffret-sexy","8":"product_cat-pour-couple","9":"product_cat-pour-elle","10":"product_cat-pour-lui","13":"instock","14":"taxable","15":"shipping-taxable","16":"purchasable","17":"product-type-simple","18":"product-grid-view"},"_links":{"self":[{"href":"https:\/\/www.tahitiplaisirs.com\/en\/wp-json\/wp\/v2\/product\/5600","targetHints":{"allow":["GET"]}}],"collection":[{"href":"https:\/\/www.tahitiplaisirs.com\/en\/wp-json\/wp\/v2\/product"}],"about":[{"href":"https:\/\/www.tahitiplaisirs.com\/en\/wp-json\/wp\/v2\/types\/product"}],"version-history":[{"count":3,"href":"https:\/\/www.tahitiplaisirs.com\/en\/wp-json\/wp\/v2\/product\/5600\/revisions"}],"predecessor-version":[{"id":9719,"href":"https:\/\/www.tahitiplaisirs.com\/en\/wp-json\/wp\/v2\/product\/5600\/revisions\/9719"}],"wp:featuredmedia":[{"embeddable":true,"href":"https:\/\/www.tahitiplaisirs.com\/en\/wp-json\/wp\/v2\/media\/9714"}],"wp:attachment":[{"href":"https:\/\/www.tahitiplaisirs.com\/en\/wp-json\/wp\/v2\/media?parent=5600"}],"wp:term":[{"taxonomy":"product_brand","embeddable":true,"href":"https:\/\/www.tahitiplaisirs.com\/en\/wp-json\/wp\/v2\/product_brand?post=5600"},{"taxonomy":"product_cat","embeddable":true,"href":"https:\/\/www.tahitiplaisirs.com\/en\/wp-json\/wp\/v2\/product_cat?post=5600"},{"taxonomy":"product_tag","embeddable":true,"href":"https:\/\/www.tahitiplaisirs.com\/en\/wp-json\/wp\/v2\/product_tag?post=5600"}],"curies":[{"name":"wp","href":"https:\/\/api.w.org\/{rel}","templated":true}]}}