{"id":5601,"date":"2025-08-15T16:13:43","date_gmt":"2025-08-16T02:13:43","guid":{"rendered":"https:\/\/www.tahitiplaisirs.com\/?post_type=product&#038;p=5601"},"modified":"2026-03-21T14:03:18","modified_gmt":"2026-03-22T00:03:18","slug":"gode-king-cock-10-chocolat-25cm","status":"publish","type":"product","link":"https:\/\/www.tahitiplaisirs.com\/en\/product\/gode-king-cock-10-chocolat-25cm\/","title":{"rendered":"Gode King Cock 10&Prime; chocolat &#8211; 25cm"},"content":{"rendered":"","protected":false},"excerpt":{"rendered":"<p>Godemichet 10&Prime; &#8211; 25cm couleur chocolat de King Cock &#8211; Pipedream<\/p>\n<p>Godemichet de couleur chocolat mesurant 25cm de long pour un diam\u00e8tre au plus large de 6cm.<\/p>\n<p>Il a un corps vein\u00e9 ultra r\u00e9aliste et est pourvu d&rsquo;une puissante ventouse \u00e0 sa base.<\/p>\n<p>Sa texture rappellera l&rsquo;\u00e9lasticit\u00e9, la souplesse et la duret\u00e9 d&rsquo;un v\u00e9ritable sexe masculin.<\/p>\n<p>Il est fabriqu\u00e9 dans un PVC sans phtalates, sans latex et hypoallerg\u00e9nique.<\/p>","protected":false},"featured_media":7581,"template":"","meta":[],"product_brand":[94,125],"product_cat":[53,47],"product_tag":[],"class_list":{"0":"post-5601","1":"product","2":"type-product","3":"status-publish","4":"has-post-thumbnail","6":"product_brand-king-cock","7":"product_brand-pipedream","8":"product_cat-godemichets","9":"product_cat-sextoys","12":"instock","13":"taxable","14":"shipping-taxable","15":"purchasable","16":"product-type-simple","17":"product-grid-view"},"_links":{"self":[{"href":"https:\/\/www.tahitiplaisirs.com\/en\/wp-json\/wp\/v2\/product\/5601","targetHints":{"allow":["GET"]}}],"collection":[{"href":"https:\/\/www.tahitiplaisirs.com\/en\/wp-json\/wp\/v2\/product"}],"about":[{"href":"https:\/\/www.tahitiplaisirs.com\/en\/wp-json\/wp\/v2\/types\/product"}],"version-history":[{"count":1,"href":"https:\/\/www.tahitiplaisirs.com\/en\/wp-json\/wp\/v2\/product\/5601\/revisions"}],"predecessor-version":[{"id":5631,"href":"https:\/\/www.tahitiplaisirs.com\/en\/wp-json\/wp\/v2\/product\/5601\/revisions\/5631"}],"wp:featuredmedia":[{"embeddable":true,"href":"https:\/\/www.tahitiplaisirs.com\/en\/wp-json\/wp\/v2\/media\/7581"}],"wp:attachment":[{"href":"https:\/\/www.tahitiplaisirs.com\/en\/wp-json\/wp\/v2\/media?parent=5601"}],"wp:term":[{"taxonomy":"product_brand","embeddable":true,"href":"https:\/\/www.tahitiplaisirs.com\/en\/wp-json\/wp\/v2\/product_brand?post=5601"},{"taxonomy":"product_cat","embeddable":true,"href":"https:\/\/www.tahitiplaisirs.com\/en\/wp-json\/wp\/v2\/product_cat?post=5601"},{"taxonomy":"product_tag","embeddable":true,"href":"https:\/\/www.tahitiplaisirs.com\/en\/wp-json\/wp\/v2\/product_tag?post=5601"}],"curies":[{"name":"wp","href":"https:\/\/api.w.org\/{rel}","templated":true}]}}