{"id":5603,"date":"2025-08-15T16:13:43","date_gmt":"2025-08-16T02:13:43","guid":{"rendered":"https:\/\/www.tahitiplaisirs.com\/?post_type=product&#038;p=5603"},"modified":"2026-03-21T14:03:14","modified_gmt":"2026-03-22T00:03:14","slug":"set-seduction-noir-em-s-l","status":"publish","type":"product","link":"https:\/\/www.tahitiplaisirs.com\/en\/product\/set-seduction-noir-em-s-l\/","title":{"rendered":"Set seduction noir EM S-L"},"content":{"rendered":"","protected":false},"excerpt":{"rendered":"<p>Set seduction noir S-L de Elegant Moments<\/p>\n<p><span dir=\"auto\">Ce set est compos\u00e9 d&rsquo;un soutien-gorge en lycra, d&rsquo;une culotte \u00e0 doubles lani\u00e8res, d&rsquo;un collier et d&rsquo;une laisse amovible.<\/span><\/p>\n<p><span dir=\"auto\">Mat\u00e9riau : 95 % polyester, 5 % \u00e9lasthanne<\/span><\/p>","protected":false},"featured_media":9284,"template":"","meta":[],"product_brand":[],"product_cat":[73,74,63],"product_tag":[],"class_list":{"0":"post-5603","1":"product","2":"type-product","3":"status-publish","4":"has-post-thumbnail","6":"product_cat-lingerie-sexy","7":"product_cat-nuisettes-bodys-et-set","8":"product_cat-pour-elle","11":"instock","12":"taxable","13":"shipping-taxable","14":"purchasable","15":"product-type-simple","16":"product-grid-view"},"_links":{"self":[{"href":"https:\/\/www.tahitiplaisirs.com\/en\/wp-json\/wp\/v2\/product\/5603","targetHints":{"allow":["GET"]}}],"collection":[{"href":"https:\/\/www.tahitiplaisirs.com\/en\/wp-json\/wp\/v2\/product"}],"about":[{"href":"https:\/\/www.tahitiplaisirs.com\/en\/wp-json\/wp\/v2\/types\/product"}],"version-history":[{"count":3,"href":"https:\/\/www.tahitiplaisirs.com\/en\/wp-json\/wp\/v2\/product\/5603\/revisions"}],"predecessor-version":[{"id":9286,"href":"https:\/\/www.tahitiplaisirs.com\/en\/wp-json\/wp\/v2\/product\/5603\/revisions\/9286"}],"wp:featuredmedia":[{"embeddable":true,"href":"https:\/\/www.tahitiplaisirs.com\/en\/wp-json\/wp\/v2\/media\/9284"}],"wp:attachment":[{"href":"https:\/\/www.tahitiplaisirs.com\/en\/wp-json\/wp\/v2\/media?parent=5603"}],"wp:term":[{"taxonomy":"product_brand","embeddable":true,"href":"https:\/\/www.tahitiplaisirs.com\/en\/wp-json\/wp\/v2\/product_brand?post=5603"},{"taxonomy":"product_cat","embeddable":true,"href":"https:\/\/www.tahitiplaisirs.com\/en\/wp-json\/wp\/v2\/product_cat?post=5603"},{"taxonomy":"product_tag","embeddable":true,"href":"https:\/\/www.tahitiplaisirs.com\/en\/wp-json\/wp\/v2\/product_tag?post=5603"}],"curies":[{"name":"wp","href":"https:\/\/api.w.org\/{rel}","templated":true}]}}