{"id":5604,"date":"2025-08-15T16:13:43","date_gmt":"2025-08-16T02:13:43","guid":{"rendered":"https:\/\/www.tahitiplaisirs.com\/?post_type=product&#038;p=5604"},"modified":"2026-03-21T14:03:13","modified_gmt":"2026-03-22T00:03:13","slug":"vibromasseur-rabbit-tatianna-romance","status":"publish","type":"product","link":"https:\/\/www.tahitiplaisirs.com\/en\/product\/vibromasseur-rabbit-tatianna-romance\/","title":{"rendered":"Vibromasseur Tatianna Romance"},"content":{"rendered":"","protected":false},"excerpt":{"rendered":"<p>Vibromasseur rabbit Tatianna rose de Romance<\/p>\n<p>Tatianna est un vibromasseur rabbit proposant 30 programmes de vibration et qui fonctionne avec 2 piles AAA.<\/p>\n<p>Profitez d&rsquo;une exp\u00e9rience de plaisir ultime gr\u00e2ce \u00e0 sa forme ergonomique et \u00e0 sa t\u00eate textur\u00e9e.<\/p>\n<p>En ABS recouvert de silicone doux, il mesure 20cm pour un diam\u00e8tre au plus large de 3,2cm.<\/p>\n<p>Pour votre confort et votre bien-\u00eatre, Tahiti Plaisirs vous recommande l\u2019utilisation d\u2019un lubrifiant \u00e0 base d\u2019eau.<\/p>","protected":false},"featured_media":7583,"template":"","meta":[],"product_brand":[],"product_cat":[47,64],"product_tag":[],"class_list":{"0":"post-5604","1":"product","2":"type-product","3":"status-publish","4":"has-post-thumbnail","6":"product_cat-sextoys","7":"product_cat-vibromasseurs","10":"instock","11":"taxable","12":"shipping-taxable","13":"purchasable","14":"product-type-simple","15":"product-grid-view"},"_links":{"self":[{"href":"https:\/\/www.tahitiplaisirs.com\/en\/wp-json\/wp\/v2\/product\/5604","targetHints":{"allow":["GET"]}}],"collection":[{"href":"https:\/\/www.tahitiplaisirs.com\/en\/wp-json\/wp\/v2\/product"}],"about":[{"href":"https:\/\/www.tahitiplaisirs.com\/en\/wp-json\/wp\/v2\/types\/product"}],"version-history":[{"count":2,"href":"https:\/\/www.tahitiplaisirs.com\/en\/wp-json\/wp\/v2\/product\/5604\/revisions"}],"predecessor-version":[{"id":7586,"href":"https:\/\/www.tahitiplaisirs.com\/en\/wp-json\/wp\/v2\/product\/5604\/revisions\/7586"}],"wp:featuredmedia":[{"embeddable":true,"href":"https:\/\/www.tahitiplaisirs.com\/en\/wp-json\/wp\/v2\/media\/7583"}],"wp:attachment":[{"href":"https:\/\/www.tahitiplaisirs.com\/en\/wp-json\/wp\/v2\/media?parent=5604"}],"wp:term":[{"taxonomy":"product_brand","embeddable":true,"href":"https:\/\/www.tahitiplaisirs.com\/en\/wp-json\/wp\/v2\/product_brand?post=5604"},{"taxonomy":"product_cat","embeddable":true,"href":"https:\/\/www.tahitiplaisirs.com\/en\/wp-json\/wp\/v2\/product_cat?post=5604"},{"taxonomy":"product_tag","embeddable":true,"href":"https:\/\/www.tahitiplaisirs.com\/en\/wp-json\/wp\/v2\/product_tag?post=5604"}],"curies":[{"name":"wp","href":"https:\/\/api.w.org\/{rel}","templated":true}]}}