{"id":5605,"date":"2025-08-15T16:13:43","date_gmt":"2025-08-16T02:13:43","guid":{"rendered":"https:\/\/www.tahitiplaisirs.com\/?post_type=product&#038;p=5605"},"modified":"2025-12-09T15:28:54","modified_gmt":"2025-12-10T01:28:54","slug":"coffret-deluxe-25ans-de-passion","status":"publish","type":"product","link":"https:\/\/www.tahitiplaisirs.com\/en\/product\/coffret-deluxe-25ans-de-passion\/","title":{"rendered":"Coffret Deluxe 25ans de passion"},"content":{"rendered":"","protected":false},"excerpt":{"rendered":"<p>Coffret Deluxe 25ans de passion de Shunga Erotic Art<\/p>\n<p>Depuis 25 ans, SHUNGA offre du plaisir aux amoureux de l\u2019amour \u00e0 la recherche de sensualit\u00e9, d\u2019excitation et de passion. Pour marquer cet anniversaire et c\u00e9l\u00e9brer ces vingtcinq ann\u00e9es d\u2019accomplissements, nous vous proposons de revivre notre parcours \u00e0 travers les produits embl\u00e9matiques qui ont forg\u00e9 notre succ\u00e8s, ainsi que des nouveaut\u00e9s et des exclusivit\u00e9s.<\/p>\n<p>25 jours de plaisir : chaque bo\u00eete vous d\u00e9voilera un tr\u00e9sor de notre gamme, soigneusement s\u00e9lectionn\u00e9 pour \u00e9veiller vos sens et enrichir vos moments intimes.<\/p>\n<p>De l\u2019huile de massage d\u00e9licate aux lubrifiants envo\u00fbtants, en passant par des accessoires et des cr\u00e9ations audacieuses, chaque produit incarne l\u2019essence de SHUNGA : un m\u00e9lange parfait de luxe, de sensualit\u00e9 et de passion.<\/p>\n<p>Laissez-vous transporter au fil des jours et laissez chaque surprise vous rapprocher un peu plus du summum du d\u00e9sir.<\/p>\n<p>C\u00e9l\u00e9brons ensemble ces 25 ann\u00e9es de volupt\u00e9 et d\u2019amour, dans l\u2019intimit\u00e9 et la complicit\u00e9.<\/p>\n<p>Parce que l\u2019Amour est un art\u2026<\/p>","protected":false},"featured_media":9712,"template":"","meta":[],"product_brand":[90],"product_cat":[57,142,71,63,51],"product_tag":[],"class_list":{"0":"post-5605","1":"product","2":"type-product","3":"status-publish","4":"has-post-thumbnail","6":"product_brand-shunga-erotic-art","7":"product_cat-accessoires","8":"product_cat-coffret-sexy","9":"product_cat-pour-couple","10":"product_cat-pour-elle","11":"product_cat-pour-lui","14":"instock","15":"taxable","16":"shipping-taxable","17":"purchasable","18":"product-type-simple","19":"product-grid-view"},"_links":{"self":[{"href":"https:\/\/www.tahitiplaisirs.com\/en\/wp-json\/wp\/v2\/product\/5605","targetHints":{"allow":["GET"]}}],"collection":[{"href":"https:\/\/www.tahitiplaisirs.com\/en\/wp-json\/wp\/v2\/product"}],"about":[{"href":"https:\/\/www.tahitiplaisirs.com\/en\/wp-json\/wp\/v2\/types\/product"}],"version-history":[{"count":3,"href":"https:\/\/www.tahitiplaisirs.com\/en\/wp-json\/wp\/v2\/product\/5605\/revisions"}],"predecessor-version":[{"id":9718,"href":"https:\/\/www.tahitiplaisirs.com\/en\/wp-json\/wp\/v2\/product\/5605\/revisions\/9718"}],"wp:featuredmedia":[{"embeddable":true,"href":"https:\/\/www.tahitiplaisirs.com\/en\/wp-json\/wp\/v2\/media\/9712"}],"wp:attachment":[{"href":"https:\/\/www.tahitiplaisirs.com\/en\/wp-json\/wp\/v2\/media?parent=5605"}],"wp:term":[{"taxonomy":"product_brand","embeddable":true,"href":"https:\/\/www.tahitiplaisirs.com\/en\/wp-json\/wp\/v2\/product_brand?post=5605"},{"taxonomy":"product_cat","embeddable":true,"href":"https:\/\/www.tahitiplaisirs.com\/en\/wp-json\/wp\/v2\/product_cat?post=5605"},{"taxonomy":"product_tag","embeddable":true,"href":"https:\/\/www.tahitiplaisirs.com\/en\/wp-json\/wp\/v2\/product_tag?post=5605"}],"curies":[{"name":"wp","href":"https:\/\/api.w.org\/{rel}","templated":true}]}}