{"id":5614,"date":"2025-08-15T16:13:44","date_gmt":"2025-08-16T02:13:44","guid":{"rendered":"https:\/\/www.tahitiplaisirs.com\/?post_type=product&#038;p=5614"},"modified":"2026-03-21T14:03:02","modified_gmt":"2026-03-22T00:03:02","slug":"pailles-penis-rose-et-mauve-sfpps","status":"publish","type":"product","link":"https:\/\/www.tahitiplaisirs.com\/en\/product\/pailles-penis-rose-et-mauve-sfpps\/","title":{"rendered":"Pailles p\u00e9nis rose et mauve SFPPS"},"content":{"rendered":"","protected":false},"excerpt":{"rendered":"<p>Pailles p\u00e9nis rose et mauve x8 Super Fun Penis Party Straws de Candyprints<\/p>\n<p>Lot de 8 pailles en plastique avec une forme de p\u00e9nis \u00e0 l&rsquo;extr\u00e9mit\u00e9.<\/p>\n<p>Elles font 19cm de longueur.<\/p>","protected":false},"featured_media":7567,"template":"","meta":[],"product_brand":[],"product_cat":[57],"product_tag":[],"class_list":{"0":"post-5614","1":"product","2":"type-product","3":"status-publish","4":"has-post-thumbnail","6":"product_cat-accessoires","9":"instock","10":"taxable","11":"shipping-taxable","12":"purchasable","13":"product-type-simple","14":"product-grid-view"},"_links":{"self":[{"href":"https:\/\/www.tahitiplaisirs.com\/en\/wp-json\/wp\/v2\/product\/5614","targetHints":{"allow":["GET"]}}],"collection":[{"href":"https:\/\/www.tahitiplaisirs.com\/en\/wp-json\/wp\/v2\/product"}],"about":[{"href":"https:\/\/www.tahitiplaisirs.com\/en\/wp-json\/wp\/v2\/types\/product"}],"version-history":[{"count":1,"href":"https:\/\/www.tahitiplaisirs.com\/en\/wp-json\/wp\/v2\/product\/5614\/revisions"}],"predecessor-version":[{"id":5644,"href":"https:\/\/www.tahitiplaisirs.com\/en\/wp-json\/wp\/v2\/product\/5614\/revisions\/5644"}],"wp:featuredmedia":[{"embeddable":true,"href":"https:\/\/www.tahitiplaisirs.com\/en\/wp-json\/wp\/v2\/media\/7567"}],"wp:attachment":[{"href":"https:\/\/www.tahitiplaisirs.com\/en\/wp-json\/wp\/v2\/media?parent=5614"}],"wp:term":[{"taxonomy":"product_brand","embeddable":true,"href":"https:\/\/www.tahitiplaisirs.com\/en\/wp-json\/wp\/v2\/product_brand?post=5614"},{"taxonomy":"product_cat","embeddable":true,"href":"https:\/\/www.tahitiplaisirs.com\/en\/wp-json\/wp\/v2\/product_cat?post=5614"},{"taxonomy":"product_tag","embeddable":true,"href":"https:\/\/www.tahitiplaisirs.com\/en\/wp-json\/wp\/v2\/product_tag?post=5614"}],"curies":[{"name":"wp","href":"https:\/\/api.w.org\/{rel}","templated":true}]}}