{"id":5649,"date":"2025-08-15T16:13:47","date_gmt":"2025-08-16T02:13:47","guid":{"rendered":"https:\/\/www.tahitiplaisirs.com\/?post_type=product&#038;p=5649"},"modified":"2026-03-21T14:02:18","modified_gmt":"2026-03-22T00:02:18","slug":"fantasy-chocolat-aphrodisiaque","status":"publish","type":"product","link":"https:\/\/www.tahitiplaisirs.com\/en\/product\/fantasy-chocolat-aphrodisiaque\/","title":{"rendered":"Fantasy chocolat aphrodisiaque"},"content":{"rendered":"","protected":false},"excerpt":{"rendered":"<p>Fantasy chocolat aphrodisiaque<\/p>\n<div id=\"tw-target-text-container\" class=\"tw-ta-container hide-focus-ring tw-nfl\" tabindex=\"0\">\n<div id=\"tw-target-text-container\" class=\"tw-ta-container F0azHf tw-nfl\" tabindex=\"0\">\n<p id=\"tw-target-text\" class=\"tw-data-text tw-text-large tw-ta\" dir=\"ltr\" data-placeholder=\"Traduction\" data-ved=\"2ahUKEwi2vIzqh4WJAxXx8MkDHTWRI9cQ3ewLegQIBxAV\" aria-label=\"Texte traduit\u00a0: Fantasy Chocolate a \u00e9t\u00e9 scientifiquement con\u00e7u pour les hommes afin d'augmenter leurs performances sexuelles. plaisir et performance. Fantasy Chocolate est formul\u00e9 pour promouvoir plus fort et des \u00e9rections plus longues et am\u00e9liorent les orgasmes plus longs et plus fr\u00e9quents.\"><span class=\"Y2IQFc\" lang=\"fr\">Fantasy a \u00e9t\u00e9 scientifiquement con\u00e7u pour les hommes afin d&rsquo;augmenter leurs performances sexuelles.<\/span><\/p>\n<p class=\"tw-data-text tw-text-large tw-ta\" dir=\"ltr\" data-placeholder=\"Traduction\" data-ved=\"2ahUKEwi2vIzqh4WJAxXx8MkDHTWRI9cQ3ewLegQIBxAV\" aria-label=\"Texte traduit\u00a0: Fantasy Chocolate a \u00e9t\u00e9 scientifiquement con\u00e7u pour les hommes afin d'augmenter leurs performances sexuelles. plaisir et performance. Fantasy Chocolate est formul\u00e9 pour promouvoir plus fort et des \u00e9rections plus longues et am\u00e9liorent les orgasmes plus longs et plus fr\u00e9quents.\"><span class=\"Y2IQFc\" lang=\"fr\">Ce chocolat permet des \u00e9rections plus longues.<\/span><\/p>\n<\/div>\n<\/div>","protected":false},"featured_media":7517,"template":"","meta":[],"product_brand":[],"product_cat":[51,55],"product_tag":[],"class_list":{"0":"post-5649","1":"product","2":"type-product","3":"status-publish","4":"has-post-thumbnail","6":"product_cat-pour-lui","7":"product_cat-stimulants-hommes","10":"instock","11":"purchasable","12":"product-type-simple","13":"product-grid-view"},"_links":{"self":[{"href":"https:\/\/www.tahitiplaisirs.com\/en\/wp-json\/wp\/v2\/product\/5649","targetHints":{"allow":["GET"]}}],"collection":[{"href":"https:\/\/www.tahitiplaisirs.com\/en\/wp-json\/wp\/v2\/product"}],"about":[{"href":"https:\/\/www.tahitiplaisirs.com\/en\/wp-json\/wp\/v2\/types\/product"}],"version-history":[{"count":1,"href":"https:\/\/www.tahitiplaisirs.com\/en\/wp-json\/wp\/v2\/product\/5649\/revisions"}],"predecessor-version":[{"id":5679,"href":"https:\/\/www.tahitiplaisirs.com\/en\/wp-json\/wp\/v2\/product\/5649\/revisions\/5679"}],"wp:featuredmedia":[{"embeddable":true,"href":"https:\/\/www.tahitiplaisirs.com\/en\/wp-json\/wp\/v2\/media\/7517"}],"wp:attachment":[{"href":"https:\/\/www.tahitiplaisirs.com\/en\/wp-json\/wp\/v2\/media?parent=5649"}],"wp:term":[{"taxonomy":"product_brand","embeddable":true,"href":"https:\/\/www.tahitiplaisirs.com\/en\/wp-json\/wp\/v2\/product_brand?post=5649"},{"taxonomy":"product_cat","embeddable":true,"href":"https:\/\/www.tahitiplaisirs.com\/en\/wp-json\/wp\/v2\/product_cat?post=5649"},{"taxonomy":"product_tag","embeddable":true,"href":"https:\/\/www.tahitiplaisirs.com\/en\/wp-json\/wp\/v2\/product_tag?post=5649"}],"curies":[{"name":"wp","href":"https:\/\/api.w.org\/{rel}","templated":true}]}}