{"id":5651,"date":"2025-08-15T16:13:47","date_gmt":"2025-08-16T02:13:47","guid":{"rendered":"https:\/\/www.tahitiplaisirs.com\/?post_type=product&#038;p=5651"},"modified":"2026-03-23T16:33:49","modified_gmt":"2026-03-24T02:33:49","slug":"lady-pop-10ml","status":"publish","type":"product","link":"https:\/\/www.tahitiplaisirs.com\/en\/product\/lady-pop-10ml\/","title":{"rendered":"Lady Pop 10ml"},"content":{"rendered":"","protected":false},"excerpt":{"rendered":"<p>Lady Pop<\/p>\n<p>Famille : Propyle<\/p>\n<p>Flacon de 10 ml<\/p>\n<p>Le Lady Pop est un ar\u00f4me d&rsquo;ambiance id\u00e9al pour amener de la d\u00e9licatesse tout en gardant des sensations intenses.<\/p>\n<p>Les effets permettent de s&rsquo;amuser et de l\u00e2cher prise en soir\u00e9e.<\/p>","protected":false},"featured_media":7521,"template":"","meta":[],"product_brand":[],"product_cat":[84],"product_tag":[],"class_list":{"0":"post-5651","1":"product","2":"type-product","3":"status-publish","4":"has-post-thumbnail","6":"product_cat-poppers","7":"product_shipping_class-inflammable","10":"instock","11":"taxable","12":"shipping-taxable","13":"purchasable","14":"product-type-simple","15":"product-grid-view"},"_links":{"self":[{"href":"https:\/\/www.tahitiplaisirs.com\/en\/wp-json\/wp\/v2\/product\/5651","targetHints":{"allow":["GET"]}}],"collection":[{"href":"https:\/\/www.tahitiplaisirs.com\/en\/wp-json\/wp\/v2\/product"}],"about":[{"href":"https:\/\/www.tahitiplaisirs.com\/en\/wp-json\/wp\/v2\/types\/product"}],"version-history":[{"count":1,"href":"https:\/\/www.tahitiplaisirs.com\/en\/wp-json\/wp\/v2\/product\/5651\/revisions"}],"predecessor-version":[{"id":5681,"href":"https:\/\/www.tahitiplaisirs.com\/en\/wp-json\/wp\/v2\/product\/5651\/revisions\/5681"}],"wp:featuredmedia":[{"embeddable":true,"href":"https:\/\/www.tahitiplaisirs.com\/en\/wp-json\/wp\/v2\/media\/7521"}],"wp:attachment":[{"href":"https:\/\/www.tahitiplaisirs.com\/en\/wp-json\/wp\/v2\/media?parent=5651"}],"wp:term":[{"taxonomy":"product_brand","embeddable":true,"href":"https:\/\/www.tahitiplaisirs.com\/en\/wp-json\/wp\/v2\/product_brand?post=5651"},{"taxonomy":"product_cat","embeddable":true,"href":"https:\/\/www.tahitiplaisirs.com\/en\/wp-json\/wp\/v2\/product_cat?post=5651"},{"taxonomy":"product_tag","embeddable":true,"href":"https:\/\/www.tahitiplaisirs.com\/en\/wp-json\/wp\/v2\/product_tag?post=5651"}],"curies":[{"name":"wp","href":"https:\/\/api.w.org\/{rel}","templated":true}]}}