{"id":5658,"date":"2025-08-15T16:13:48","date_gmt":"2025-08-16T02:13:48","guid":{"rendered":"https:\/\/www.tahitiplaisirs.com\/?post_type=product&#038;p=5658"},"modified":"2026-03-21T14:02:09","modified_gmt":"2026-03-22T00:02:09","slug":"vibromasseur-pacifica-bora-bora","status":"publish","type":"product","link":"https:\/\/www.tahitiplaisirs.com\/en\/product\/vibromasseur-pacifica-bora-bora\/","title":{"rendered":"Vibromasseur Pacifica Bora Bora"},"content":{"rendered":"","protected":false},"excerpt":{"rendered":"<p>Vibromasseur Pacifica Bora Bora de Calexotics<\/p>\n<p>Pacifica Bora Bora est un vibromasseur fabriqu\u00e9 en silicone liquide transparent avec une pointe incurv\u00e9e pour une stimulation parfaite du point \u00ab\u00a0G\u00a0\u00bb.<\/p>\n<p>Il propose 10 fonctions de vibration et est rechargeable par USB.<\/p>\n<p>Apr\u00e8s 2 heures de charge, il offre 40 minutes de plaisir \u00e0 haute intensit\u00e9 ou 90 minutes sur un r\u00e9glage plus faible.<\/p>","protected":false},"featured_media":6997,"template":"","meta":[],"product_brand":[117],"product_cat":[47,64],"product_tag":[],"class_list":{"0":"post-5658","1":"product","2":"type-product","3":"status-publish","4":"has-post-thumbnail","6":"product_brand-calexotics","7":"product_cat-sextoys","8":"product_cat-vibromasseurs","11":"instock","12":"taxable","13":"shipping-taxable","14":"purchasable","15":"product-type-simple","16":"product-grid-view"},"_links":{"self":[{"href":"https:\/\/www.tahitiplaisirs.com\/en\/wp-json\/wp\/v2\/product\/5658","targetHints":{"allow":["GET"]}}],"collection":[{"href":"https:\/\/www.tahitiplaisirs.com\/en\/wp-json\/wp\/v2\/product"}],"about":[{"href":"https:\/\/www.tahitiplaisirs.com\/en\/wp-json\/wp\/v2\/types\/product"}],"version-history":[{"count":1,"href":"https:\/\/www.tahitiplaisirs.com\/en\/wp-json\/wp\/v2\/product\/5658\/revisions"}],"predecessor-version":[{"id":5688,"href":"https:\/\/www.tahitiplaisirs.com\/en\/wp-json\/wp\/v2\/product\/5658\/revisions\/5688"}],"wp:featuredmedia":[{"embeddable":true,"href":"https:\/\/www.tahitiplaisirs.com\/en\/wp-json\/wp\/v2\/media\/6997"}],"wp:attachment":[{"href":"https:\/\/www.tahitiplaisirs.com\/en\/wp-json\/wp\/v2\/media?parent=5658"}],"wp:term":[{"taxonomy":"product_brand","embeddable":true,"href":"https:\/\/www.tahitiplaisirs.com\/en\/wp-json\/wp\/v2\/product_brand?post=5658"},{"taxonomy":"product_cat","embeddable":true,"href":"https:\/\/www.tahitiplaisirs.com\/en\/wp-json\/wp\/v2\/product_cat?post=5658"},{"taxonomy":"product_tag","embeddable":true,"href":"https:\/\/www.tahitiplaisirs.com\/en\/wp-json\/wp\/v2\/product_tag?post=5658"}],"curies":[{"name":"wp","href":"https:\/\/api.w.org\/{rel}","templated":true}]}}