{"id":5660,"date":"2025-08-15T16:13:48","date_gmt":"2025-08-16T02:13:48","guid":{"rendered":"https:\/\/www.tahitiplaisirs.com\/?post_type=product&#038;p=5660"},"modified":"2026-03-21T14:02:08","modified_gmt":"2026-03-22T00:02:08","slug":"jeu-cum-face","status":"publish","type":"product","link":"https:\/\/www.tahitiplaisirs.com\/en\/product\/jeu-cum-face\/","title":{"rendered":"Jeu Cum Face"},"content":{"rendered":"","protected":false},"excerpt":{"rendered":"<p>Jeu Cum Face de Play Wiv Me<\/p>\n<p>Comment jouer :<\/p>\n<p>Avant de commencer, versez du liquide dans le trou situ\u00e9 entre les deux tiges. Nous conseillons l&rsquo;eau, mais tout liquide sans danger pour la consommation peut \u00e9galement \u00eatre utilis\u00e9.<\/p>\n<p>Le but du jeu est de pomper le plus rapidement possible pour que le liquide gicle au visage de son adversaire&#8230;<\/p>","protected":false},"featured_media":7139,"template":"","meta":[],"product_brand":[],"product_cat":[61],"product_tag":[],"class_list":{"0":"post-5660","1":"product","2":"type-product","3":"status-publish","4":"has-post-thumbnail","6":"product_cat-jeux-coquins","9":"instock","10":"taxable","11":"shipping-taxable","12":"purchasable","13":"product-type-simple","14":"product-grid-view"},"_links":{"self":[{"href":"https:\/\/www.tahitiplaisirs.com\/en\/wp-json\/wp\/v2\/product\/5660","targetHints":{"allow":["GET"]}}],"collection":[{"href":"https:\/\/www.tahitiplaisirs.com\/en\/wp-json\/wp\/v2\/product"}],"about":[{"href":"https:\/\/www.tahitiplaisirs.com\/en\/wp-json\/wp\/v2\/types\/product"}],"version-history":[{"count":2,"href":"https:\/\/www.tahitiplaisirs.com\/en\/wp-json\/wp\/v2\/product\/5660\/revisions"}],"predecessor-version":[{"id":9063,"href":"https:\/\/www.tahitiplaisirs.com\/en\/wp-json\/wp\/v2\/product\/5660\/revisions\/9063"}],"wp:featuredmedia":[{"embeddable":true,"href":"https:\/\/www.tahitiplaisirs.com\/en\/wp-json\/wp\/v2\/media\/7139"}],"wp:attachment":[{"href":"https:\/\/www.tahitiplaisirs.com\/en\/wp-json\/wp\/v2\/media?parent=5660"}],"wp:term":[{"taxonomy":"product_brand","embeddable":true,"href":"https:\/\/www.tahitiplaisirs.com\/en\/wp-json\/wp\/v2\/product_brand?post=5660"},{"taxonomy":"product_cat","embeddable":true,"href":"https:\/\/www.tahitiplaisirs.com\/en\/wp-json\/wp\/v2\/product_cat?post=5660"},{"taxonomy":"product_tag","embeddable":true,"href":"https:\/\/www.tahitiplaisirs.com\/en\/wp-json\/wp\/v2\/product_tag?post=5660"}],"curies":[{"name":"wp","href":"https:\/\/api.w.org\/{rel}","templated":true}]}}