{"id":5662,"date":"2025-08-15T16:13:48","date_gmt":"2025-08-16T02:13:48","guid":{"rendered":"https:\/\/www.tahitiplaisirs.com\/?post_type=product&#038;p=5662"},"modified":"2026-03-21T14:02:18","modified_gmt":"2026-03-22T00:02:18","slug":"menottes-en-metal-police-handcuffs","status":"publish","type":"product","link":"https:\/\/www.tahitiplaisirs.com\/en\/product\/menottes-en-metal-police-handcuffs\/","title":{"rendered":"Menottes Police Handcuffs"},"content":{"rendered":"","protected":false},"excerpt":{"rendered":"<div id=\"product_content\" class=\"product_step\">\n<div id=\"description\">\n<p>Menottes en m\u00e9tal de Darkness<\/p>\n<p>Ces menottes sont parfaites pour une initiation aux jeux de bondage !<\/p>\n<p>Con\u00e7ues en\u00a0m\u00e9tal tr\u00e8s solide, elles disposent d&rsquo;un bouton de d\u00e9gagement rapide, au cas o\u00f9 vous perdiez les 2 cl\u00e9s fournies.<\/p>\n<p>Pour vous garantir un confort absolu, ces menottes s&rsquo;ajustent \u00e0 la taille de vos poignets.<\/p>\n<\/div>\n<div id=\"list_technique\"><\/div>\n<\/div>\n<div id=\"product_video\"><\/div>\n<div id=\"product_cart\" class=\"product_step product_accessoiries\"><\/div>","protected":false},"featured_media":7100,"template":"","meta":[],"product_brand":[121],"product_cat":[58,59],"product_tag":[],"class_list":{"0":"post-5662","1":"product","2":"type-product","3":"status-publish","4":"has-post-thumbnail","6":"product_brand-darkness","7":"product_cat-bdsm","8":"product_cat-menottes-attaches-baillons","11":"instock","12":"taxable","13":"shipping-taxable","14":"purchasable","15":"product-type-simple","16":"product-grid-view"},"_links":{"self":[{"href":"https:\/\/www.tahitiplaisirs.com\/en\/wp-json\/wp\/v2\/product\/5662","targetHints":{"allow":["GET"]}}],"collection":[{"href":"https:\/\/www.tahitiplaisirs.com\/en\/wp-json\/wp\/v2\/product"}],"about":[{"href":"https:\/\/www.tahitiplaisirs.com\/en\/wp-json\/wp\/v2\/types\/product"}],"version-history":[{"count":2,"href":"https:\/\/www.tahitiplaisirs.com\/en\/wp-json\/wp\/v2\/product\/5662\/revisions"}],"predecessor-version":[{"id":7117,"href":"https:\/\/www.tahitiplaisirs.com\/en\/wp-json\/wp\/v2\/product\/5662\/revisions\/7117"}],"wp:featuredmedia":[{"embeddable":true,"href":"https:\/\/www.tahitiplaisirs.com\/en\/wp-json\/wp\/v2\/media\/7100"}],"wp:attachment":[{"href":"https:\/\/www.tahitiplaisirs.com\/en\/wp-json\/wp\/v2\/media?parent=5662"}],"wp:term":[{"taxonomy":"product_brand","embeddable":true,"href":"https:\/\/www.tahitiplaisirs.com\/en\/wp-json\/wp\/v2\/product_brand?post=5662"},{"taxonomy":"product_cat","embeddable":true,"href":"https:\/\/www.tahitiplaisirs.com\/en\/wp-json\/wp\/v2\/product_cat?post=5662"},{"taxonomy":"product_tag","embeddable":true,"href":"https:\/\/www.tahitiplaisirs.com\/en\/wp-json\/wp\/v2\/product_tag?post=5662"}],"curies":[{"name":"wp","href":"https:\/\/api.w.org\/{rel}","templated":true}]}}