{"id":5663,"date":"2025-08-15T16:13:48","date_gmt":"2025-08-16T02:13:48","guid":{"rendered":"https:\/\/www.tahitiplaisirs.com\/?post_type=product&#038;p=5663"},"modified":"2026-04-10T10:29:11","modified_gmt":"2026-04-10T20:29:11","slug":"chandelle-a-massage-desire-170ml","status":"publish","type":"product","link":"https:\/\/www.tahitiplaisirs.com\/en\/product\/chandelle-a-massage-desire-170ml\/","title":{"rendered":"Chandelle \u00e0 massage D\u00e9sire 170ml"},"content":{"rendered":"","protected":false},"excerpt":{"rendered":"<p>Chandelle \u00e0 massage D\u00e9sire 170ml de Shunga Erotic Art<\/p>\n<div class=\"woocommerce-product-details__short-description\">\n<p>Ar\u00f4me : Vanille F\u00e9tiche<\/p>\n<p>Laissez-vous enivrer par ses senteurs aphrodisiaques et d\u00e9licieusement sensuelles : pour une ambiance douce et chaleureuse, le parfum vanill\u00e9.<\/p>\n<p>Cette huile naturelle riche en huile d\u2019amande douce et en huile de noix de coco nourrira votre peau, lui procurera confort et la laissera douce et l\u00e9g\u00e8rement parfum\u00e9e.<\/p>\n<p>Il suffit d\u2019une petite quantit\u00e9 par massage, pour rendre l\u2019instant incomparable.<\/p>\n<p>Allumez la bougie de massage, quelques minutes plus tard, vous ressentez d\u00e9j\u00e0 les ar\u00f4mes parfum\u00e9s envahir votre int\u00e9rieur.<\/p>\n<p>Une fois l&rsquo;huile fondue, vous pouvez verser le liquide ti\u00e8de (ne vous inqui\u00e9tez pas, il n\u2019y pas de risques de br\u00fblures, la mati\u00e8re reste ti\u00e8de) sur votre corps ou celui de votre partenaire.<\/p>\n<p>Cette chaleur douce saura vous d\u00e9tendre et vous offrir un instant de relaxation et plus si affinit\u00e9s.<\/p>\n<\/div>","protected":false},"featured_media":10849,"template":"","meta":[],"product_brand":[90],"product_cat":[49,56,71],"product_tag":[],"class_list":{"0":"post-5663","1":"product","2":"type-product","3":"status-publish","4":"has-post-thumbnail","6":"product_brand-shunga-erotic-art","7":"product_cat-bien-etre","8":"product_cat-huiles","9":"product_cat-pour-couple","12":"instock","13":"taxable","14":"shipping-taxable","15":"purchasable","16":"product-type-simple","17":"product-grid-view"},"_links":{"self":[{"href":"https:\/\/www.tahitiplaisirs.com\/en\/wp-json\/wp\/v2\/product\/5663","targetHints":{"allow":["GET"]}}],"collection":[{"href":"https:\/\/www.tahitiplaisirs.com\/en\/wp-json\/wp\/v2\/product"}],"about":[{"href":"https:\/\/www.tahitiplaisirs.com\/en\/wp-json\/wp\/v2\/types\/product"}],"version-history":[{"count":4,"href":"https:\/\/www.tahitiplaisirs.com\/en\/wp-json\/wp\/v2\/product\/5663\/revisions"}],"predecessor-version":[{"id":10864,"href":"https:\/\/www.tahitiplaisirs.com\/en\/wp-json\/wp\/v2\/product\/5663\/revisions\/10864"}],"wp:featuredmedia":[{"embeddable":true,"href":"https:\/\/www.tahitiplaisirs.com\/en\/wp-json\/wp\/v2\/media\/10849"}],"wp:attachment":[{"href":"https:\/\/www.tahitiplaisirs.com\/en\/wp-json\/wp\/v2\/media?parent=5663"}],"wp:term":[{"taxonomy":"product_brand","embeddable":true,"href":"https:\/\/www.tahitiplaisirs.com\/en\/wp-json\/wp\/v2\/product_brand?post=5663"},{"taxonomy":"product_cat","embeddable":true,"href":"https:\/\/www.tahitiplaisirs.com\/en\/wp-json\/wp\/v2\/product_cat?post=5663"},{"taxonomy":"product_tag","embeddable":true,"href":"https:\/\/www.tahitiplaisirs.com\/en\/wp-json\/wp\/v2\/product_tag?post=5663"}],"curies":[{"name":"wp","href":"https:\/\/api.w.org\/{rel}","templated":true}]}}