{"id":5666,"date":"2025-08-15T16:13:48","date_gmt":"2025-08-16T02:13:48","guid":{"rendered":"https:\/\/www.tahitiplaisirs.com\/?post_type=product&#038;p=5666"},"modified":"2026-03-21T14:02:12","modified_gmt":"2026-03-22T00:02:12","slug":"plug-nebula-series-by-ibiza-modele-4-11cm","status":"publish","type":"product","link":"https:\/\/www.tahitiplaisirs.com\/en\/product\/plug-nebula-series-by-ibiza-modele-4-11cm\/","title":{"rendered":"Plug Nebula n\u00b04 &#8211; 11cm"},"content":{"rendered":"","protected":false},"excerpt":{"rendered":"<p>Plug en verre mod\u00e8le 4 &#8211; 11cm de Nebula Series by Ibiza<\/p>\n<p>Plug anal fabriqu\u00e9 \u00e0 partir de verre borosilicate de qualit\u00e9 sup\u00e9rieure.<\/p>\n<p>Ce plug anal est lisse, durable et convient \u00e0 tous les lubrifiants.<\/p>\n<p>Longueur totale : 11cm dont 10cm ins\u00e9rable<\/p>\n<p>Diam\u00e8tre au plus large : 5cm<\/p>\n<p>&nbsp;<\/p>","protected":false},"featured_media":7202,"template":"","meta":[],"product_brand":[],"product_cat":[62,47],"product_tag":[],"class_list":{"0":"post-5666","1":"product","2":"type-product","3":"status-publish","4":"has-post-thumbnail","6":"product_cat-plaisir-anal","7":"product_cat-sextoys","10":"instock","11":"taxable","12":"shipping-taxable","13":"purchasable","14":"product-type-simple","15":"product-grid-view"},"_links":{"self":[{"href":"https:\/\/www.tahitiplaisirs.com\/en\/wp-json\/wp\/v2\/product\/5666","targetHints":{"allow":["GET"]}}],"collection":[{"href":"https:\/\/www.tahitiplaisirs.com\/en\/wp-json\/wp\/v2\/product"}],"about":[{"href":"https:\/\/www.tahitiplaisirs.com\/en\/wp-json\/wp\/v2\/types\/product"}],"version-history":[{"count":2,"href":"https:\/\/www.tahitiplaisirs.com\/en\/wp-json\/wp\/v2\/product\/5666\/revisions"}],"predecessor-version":[{"id":7208,"href":"https:\/\/www.tahitiplaisirs.com\/en\/wp-json\/wp\/v2\/product\/5666\/revisions\/7208"}],"wp:featuredmedia":[{"embeddable":true,"href":"https:\/\/www.tahitiplaisirs.com\/en\/wp-json\/wp\/v2\/media\/7202"}],"wp:attachment":[{"href":"https:\/\/www.tahitiplaisirs.com\/en\/wp-json\/wp\/v2\/media?parent=5666"}],"wp:term":[{"taxonomy":"product_brand","embeddable":true,"href":"https:\/\/www.tahitiplaisirs.com\/en\/wp-json\/wp\/v2\/product_brand?post=5666"},{"taxonomy":"product_cat","embeddable":true,"href":"https:\/\/www.tahitiplaisirs.com\/en\/wp-json\/wp\/v2\/product_cat?post=5666"},{"taxonomy":"product_tag","embeddable":true,"href":"https:\/\/www.tahitiplaisirs.com\/en\/wp-json\/wp\/v2\/product_tag?post=5666"}],"curies":[{"name":"wp","href":"https:\/\/api.w.org\/{rel}","templated":true}]}}