{"id":5670,"date":"2025-08-15T16:13:48","date_gmt":"2025-08-16T02:13:48","guid":{"rendered":"https:\/\/www.tahitiplaisirs.com\/?post_type=product&#038;p=5670"},"modified":"2026-04-10T10:02:06","modified_gmt":"2026-04-10T20:02:06","slug":"explosive-kiss-saveur-fraise","status":"publish","type":"product","link":"https:\/\/www.tahitiplaisirs.com\/en\/product\/explosive-kiss-saveur-fraise\/","title":{"rendered":"Explosive Kiss saveur fraise"},"content":{"rendered":"","protected":false},"excerpt":{"rendered":"<p>Explosive Kiss saveur fraise de Secret Play<\/p>\n<p>P\u00e9tillant, explosif, Explosif Kiss est un bonbon qui vous fera red\u00e9couvrir le plaisir du sexe oral !<\/p>\n<p>Saupoudrez directement la poudre sur le corps de votre partenaire<\/p>\n<p>Laissez le bonbon cr\u00e9piter dans votre bouche tout en d\u00e9gustant votre partenaire et exp\u00e9rimentez de nouvelles sensations !<\/p>\n<p>Vous avez aussi la possibilit\u00e9 de la m\u00e9langer avec un lubrifiant ou une huile comestible&#8230; pour faire cr\u00e9piter de plaisir votre partenaire !<\/p>\n<p>Contenance : 9 grammes<\/p>","protected":false},"featured_media":10790,"template":"","meta":[],"product_brand":[91],"product_cat":[69],"product_tag":[],"class_list":{"0":"post-5670","1":"product","2":"type-product","3":"status-publish","4":"has-post-thumbnail","6":"product_brand-secret-play","7":"product_cat-friandises","10":"instock","11":"taxable","12":"shipping-taxable","13":"purchasable","14":"product-type-simple","15":"product-grid-view"},"_links":{"self":[{"href":"https:\/\/www.tahitiplaisirs.com\/en\/wp-json\/wp\/v2\/product\/5670","targetHints":{"allow":["GET"]}}],"collection":[{"href":"https:\/\/www.tahitiplaisirs.com\/en\/wp-json\/wp\/v2\/product"}],"about":[{"href":"https:\/\/www.tahitiplaisirs.com\/en\/wp-json\/wp\/v2\/types\/product"}],"version-history":[{"count":2,"href":"https:\/\/www.tahitiplaisirs.com\/en\/wp-json\/wp\/v2\/product\/5670\/revisions"}],"predecessor-version":[{"id":10813,"href":"https:\/\/www.tahitiplaisirs.com\/en\/wp-json\/wp\/v2\/product\/5670\/revisions\/10813"}],"wp:featuredmedia":[{"embeddable":true,"href":"https:\/\/www.tahitiplaisirs.com\/en\/wp-json\/wp\/v2\/media\/10790"}],"wp:attachment":[{"href":"https:\/\/www.tahitiplaisirs.com\/en\/wp-json\/wp\/v2\/media?parent=5670"}],"wp:term":[{"taxonomy":"product_brand","embeddable":true,"href":"https:\/\/www.tahitiplaisirs.com\/en\/wp-json\/wp\/v2\/product_brand?post=5670"},{"taxonomy":"product_cat","embeddable":true,"href":"https:\/\/www.tahitiplaisirs.com\/en\/wp-json\/wp\/v2\/product_cat?post=5670"},{"taxonomy":"product_tag","embeddable":true,"href":"https:\/\/www.tahitiplaisirs.com\/en\/wp-json\/wp\/v2\/product_tag?post=5670"}],"curies":[{"name":"wp","href":"https:\/\/api.w.org\/{rel}","templated":true}]}}