{"id":5727,"date":"2025-08-15T16:13:52","date_gmt":"2025-08-16T02:13:52","guid":{"rendered":"https:\/\/www.tahitiplaisirs.com\/?post_type=product&#038;p=5727"},"modified":"2026-03-21T14:01:16","modified_gmt":"2026-03-22T00:01:16","slug":"vibromasseur-rabbit-andre-violet","status":"publish","type":"product","link":"https:\/\/www.tahitiplaisirs.com\/en\/product\/vibromasseur-rabbit-andre-violet\/","title":{"rendered":"Vibromasseur rabbit Andre violet"},"content":{"rendered":"","protected":false},"excerpt":{"rendered":"<p>Vibromasseur rabbit Andre violet de Baile &#8211; Pretty Love<\/p>\n<p>Andre a \u00e9t\u00e9 con\u00e7u pour stimuler \u00e0 la fois la paroi vaginale et plus particuli\u00e8rement le point G avec son corps courb\u00e9 et sa t\u00eate imposante mais aussi le clitoris avec sa petite excroissance vibrante garnie de reliefs.<\/p>\n<p>Il fonctionne avec 2 piles AAA et propose 7 fonctions pour le corps et 3 modes de mouvement pour le clitoris facilement contr\u00f4lables par les deux boutons situ\u00e9s sur la base.<\/p>\n<p>En ABS recouvert de silicone doux, Andr\u00e9 mesure 20cm dont 9cm ins\u00e9rable pour un diam\u00e8tre au plus large de 2,6cm<\/p>\n<p>Pour votre confort et votre bien-\u00eatre, Tahiti Plaisirs recommande l&rsquo;utilisation d&rsquo;un lubrifiant \u00e0 base d&rsquo;eau.<\/p>","protected":false},"featured_media":7282,"template":"","meta":[],"product_brand":[93],"product_cat":[47,64],"product_tag":[],"class_list":{"0":"post-5727","1":"product","2":"type-product","3":"status-publish","4":"has-post-thumbnail","6":"product_brand-baile-pretty-love","7":"product_cat-sextoys","8":"product_cat-vibromasseurs","11":"instock","12":"purchasable","13":"product-type-simple","14":"product-grid-view"},"_links":{"self":[{"href":"https:\/\/www.tahitiplaisirs.com\/en\/wp-json\/wp\/v2\/product\/5727","targetHints":{"allow":["GET"]}}],"collection":[{"href":"https:\/\/www.tahitiplaisirs.com\/en\/wp-json\/wp\/v2\/product"}],"about":[{"href":"https:\/\/www.tahitiplaisirs.com\/en\/wp-json\/wp\/v2\/types\/product"}],"version-history":[{"count":1,"href":"https:\/\/www.tahitiplaisirs.com\/en\/wp-json\/wp\/v2\/product\/5727\/revisions"}],"predecessor-version":[{"id":5757,"href":"https:\/\/www.tahitiplaisirs.com\/en\/wp-json\/wp\/v2\/product\/5727\/revisions\/5757"}],"wp:featuredmedia":[{"embeddable":true,"href":"https:\/\/www.tahitiplaisirs.com\/en\/wp-json\/wp\/v2\/media\/7282"}],"wp:attachment":[{"href":"https:\/\/www.tahitiplaisirs.com\/en\/wp-json\/wp\/v2\/media?parent=5727"}],"wp:term":[{"taxonomy":"product_brand","embeddable":true,"href":"https:\/\/www.tahitiplaisirs.com\/en\/wp-json\/wp\/v2\/product_brand?post=5727"},{"taxonomy":"product_cat","embeddable":true,"href":"https:\/\/www.tahitiplaisirs.com\/en\/wp-json\/wp\/v2\/product_cat?post=5727"},{"taxonomy":"product_tag","embeddable":true,"href":"https:\/\/www.tahitiplaisirs.com\/en\/wp-json\/wp\/v2\/product_tag?post=5727"}],"curies":[{"name":"wp","href":"https:\/\/api.w.org\/{rel}","templated":true}]}}