{"id":5728,"date":"2025-08-15T16:13:53","date_gmt":"2025-08-16T02:13:53","guid":{"rendered":"https:\/\/www.tahitiplaisirs.com\/?post_type=product&#038;p=5728"},"modified":"2026-04-10T10:33:06","modified_gmt":"2026-04-10T20:33:06","slug":"chocolat-love-tonic","status":"publish","type":"product","link":"https:\/\/www.tahitiplaisirs.com\/en\/product\/chocolat-love-tonic\/","title":{"rendered":"Chocolat Love Tonic"},"content":{"rendered":"","protected":false},"excerpt":{"rendered":"<p>Tablette de chocolat Love Tonic 90g de Delikao<\/p>\n<p>Pr\u00eat pour une explosion de saveurs qui r\u00e9veillera vos papilles aussi bien que votre libido ?<\/p>\n<p>Laissez vous s\u00e9duire par Love Tonic, le chocolat au lait irr\u00e9sistible agr\u00e9ment\u00e9 d&rsquo;\u00e9clats de caramel et de gingembre.<\/p>\n<p>Le seul chocolat aphrodisiaque sur le march\u00e9 fran\u00e7ais dont les ingr\u00e9dients ont \u00e9t\u00e9 test\u00e9s en laboratoire aux dosages propos\u00e9s.<\/p>\n<p>Ce chocolat aphrodisiaque vous propose donc :<\/p>\n<ul>\n<li>Un chocolat au lait maxi gourmand riche en cacao.<\/li>\n<li>Un \u00e9quilibre parfait entre douceur du caramel, \u00e9pice vivifiante du gingembre et gourmandise du chocolat au lait.<\/li>\n<li>Une exp\u00e9rience surprenante qui \u00e9veille les sens et promet un moment\u00a0sensuel\u00a0et explosif.<\/li>\n<\/ul>","protected":false},"featured_media":7276,"template":"","meta":[],"product_brand":[],"product_cat":[71,67,55],"product_tag":[],"class_list":{"0":"post-5728","1":"product","2":"type-product","3":"status-publish","4":"has-post-thumbnail","6":"product_cat-pour-couple","7":"product_cat-stimulants-femmes","8":"product_cat-stimulants-hommes","11":"instock","12":"taxable","13":"shipping-taxable","14":"purchasable","15":"product-type-simple","16":"product-grid-view"},"_links":{"self":[{"href":"https:\/\/www.tahitiplaisirs.com\/en\/wp-json\/wp\/v2\/product\/5728","targetHints":{"allow":["GET"]}}],"collection":[{"href":"https:\/\/www.tahitiplaisirs.com\/en\/wp-json\/wp\/v2\/product"}],"about":[{"href":"https:\/\/www.tahitiplaisirs.com\/en\/wp-json\/wp\/v2\/types\/product"}],"version-history":[{"count":2,"href":"https:\/\/www.tahitiplaisirs.com\/en\/wp-json\/wp\/v2\/product\/5728\/revisions"}],"predecessor-version":[{"id":7291,"href":"https:\/\/www.tahitiplaisirs.com\/en\/wp-json\/wp\/v2\/product\/5728\/revisions\/7291"}],"wp:featuredmedia":[{"embeddable":true,"href":"https:\/\/www.tahitiplaisirs.com\/en\/wp-json\/wp\/v2\/media\/7276"}],"wp:attachment":[{"href":"https:\/\/www.tahitiplaisirs.com\/en\/wp-json\/wp\/v2\/media?parent=5728"}],"wp:term":[{"taxonomy":"product_brand","embeddable":true,"href":"https:\/\/www.tahitiplaisirs.com\/en\/wp-json\/wp\/v2\/product_brand?post=5728"},{"taxonomy":"product_cat","embeddable":true,"href":"https:\/\/www.tahitiplaisirs.com\/en\/wp-json\/wp\/v2\/product_cat?post=5728"},{"taxonomy":"product_tag","embeddable":true,"href":"https:\/\/www.tahitiplaisirs.com\/en\/wp-json\/wp\/v2\/product_tag?post=5728"}],"curies":[{"name":"wp","href":"https:\/\/api.w.org\/{rel}","templated":true}]}}