{"id":5730,"date":"2025-08-15T16:13:53","date_gmt":"2025-08-16T02:13:53","guid":{"rendered":"https:\/\/www.tahitiplaisirs.com\/?post_type=product&#038;p=5730"},"modified":"2026-03-21T14:01:11","modified_gmt":"2026-03-22T00:01:11","slug":"godemichet-dc-rose-20cm","status":"publish","type":"product","link":"https:\/\/www.tahitiplaisirs.com\/en\/product\/godemichet-dc-rose-20cm\/","title":{"rendered":"Godemichet DC rose 20cm"},"content":{"rendered":"","protected":false},"excerpt":{"rendered":"<p>Godemichet rose 20cm de Delta Club Toys<\/p>\n<p>Godemichet en silicone rose ultra doux et tr\u00e8s r\u00e9aliste de 20 centim\u00e8tres pour un diam\u00e8tre au plus large de 4 centim\u00e8tres.<\/p>\n<p>Il est incurv\u00e9 pour stimuler intens\u00e9ment le point G et sa ventouse \u00e0 la base permet une utilisation sans les mains.<\/p>\n<p>Il est fabriqu\u00e9 en silicone de haute qualit\u00e9 sans phtalates et non poreux pour une utilisation s\u00e9curis\u00e9e.<\/p>","protected":false},"featured_media":7284,"template":"","meta":[],"product_brand":[],"product_cat":[53,47],"product_tag":[],"class_list":{"0":"post-5730","1":"product","2":"type-product","3":"status-publish","4":"has-post-thumbnail","6":"product_cat-godemichets","7":"product_cat-sextoys","10":"instock","11":"taxable","12":"shipping-taxable","13":"purchasable","14":"product-type-simple","15":"product-grid-view"},"_links":{"self":[{"href":"https:\/\/www.tahitiplaisirs.com\/en\/wp-json\/wp\/v2\/product\/5730","targetHints":{"allow":["GET"]}}],"collection":[{"href":"https:\/\/www.tahitiplaisirs.com\/en\/wp-json\/wp\/v2\/product"}],"about":[{"href":"https:\/\/www.tahitiplaisirs.com\/en\/wp-json\/wp\/v2\/types\/product"}],"version-history":[{"count":2,"href":"https:\/\/www.tahitiplaisirs.com\/en\/wp-json\/wp\/v2\/product\/5730\/revisions"}],"predecessor-version":[{"id":7293,"href":"https:\/\/www.tahitiplaisirs.com\/en\/wp-json\/wp\/v2\/product\/5730\/revisions\/7293"}],"wp:featuredmedia":[{"embeddable":true,"href":"https:\/\/www.tahitiplaisirs.com\/en\/wp-json\/wp\/v2\/media\/7284"}],"wp:attachment":[{"href":"https:\/\/www.tahitiplaisirs.com\/en\/wp-json\/wp\/v2\/media?parent=5730"}],"wp:term":[{"taxonomy":"product_brand","embeddable":true,"href":"https:\/\/www.tahitiplaisirs.com\/en\/wp-json\/wp\/v2\/product_brand?post=5730"},{"taxonomy":"product_cat","embeddable":true,"href":"https:\/\/www.tahitiplaisirs.com\/en\/wp-json\/wp\/v2\/product_cat?post=5730"},{"taxonomy":"product_tag","embeddable":true,"href":"https:\/\/www.tahitiplaisirs.com\/en\/wp-json\/wp\/v2\/product_tag?post=5730"}],"curies":[{"name":"wp","href":"https:\/\/api.w.org\/{rel}","templated":true}]}}