{"id":5731,"date":"2025-08-15T16:13:53","date_gmt":"2025-08-16T02:13:53","guid":{"rendered":"https:\/\/www.tahitiplaisirs.com\/?post_type=product&#038;p=5731"},"modified":"2026-03-21T14:01:09","modified_gmt":"2026-03-22T00:01:09","slug":"godemichet-dc-chair-23cm","status":"publish","type":"product","link":"https:\/\/www.tahitiplaisirs.com\/en\/product\/godemichet-dc-chair-23cm\/","title":{"rendered":"Godemichet DC chair 23cm"},"content":{"rendered":"","protected":false},"excerpt":{"rendered":"<p>Godemichet chair 23cm de Delta Club Toys<\/p>\n<p>Godemichet en silicone chair ultra doux et tr\u00e8s r\u00e9aliste de 23 centim\u00e8tres pour un diam\u00e8tre au plus large de 4,5 centim\u00e8tres.<\/p>\n<p>Il est incurv\u00e9 pour stimuler intens\u00e9ment le point G et sa ventouse \u00e0 la base permet une utilisation sans les mains.<\/p>\n<p>Il est fabriqu\u00e9 en silicone de haute qualit\u00e9 sans phtalates et non poreux pour une utilisation s\u00e9curis\u00e9e.<\/p>","protected":false},"featured_media":7286,"template":"","meta":[],"product_brand":[],"product_cat":[53,47],"product_tag":[],"class_list":{"0":"post-5731","1":"product","2":"type-product","3":"status-publish","4":"has-post-thumbnail","6":"product_cat-godemichets","7":"product_cat-sextoys","10":"instock","11":"taxable","12":"shipping-taxable","13":"purchasable","14":"product-type-simple","15":"product-grid-view"},"_links":{"self":[{"href":"https:\/\/www.tahitiplaisirs.com\/en\/wp-json\/wp\/v2\/product\/5731","targetHints":{"allow":["GET"]}}],"collection":[{"href":"https:\/\/www.tahitiplaisirs.com\/en\/wp-json\/wp\/v2\/product"}],"about":[{"href":"https:\/\/www.tahitiplaisirs.com\/en\/wp-json\/wp\/v2\/types\/product"}],"version-history":[{"count":2,"href":"https:\/\/www.tahitiplaisirs.com\/en\/wp-json\/wp\/v2\/product\/5731\/revisions"}],"predecessor-version":[{"id":7294,"href":"https:\/\/www.tahitiplaisirs.com\/en\/wp-json\/wp\/v2\/product\/5731\/revisions\/7294"}],"wp:featuredmedia":[{"embeddable":true,"href":"https:\/\/www.tahitiplaisirs.com\/en\/wp-json\/wp\/v2\/media\/7286"}],"wp:attachment":[{"href":"https:\/\/www.tahitiplaisirs.com\/en\/wp-json\/wp\/v2\/media?parent=5731"}],"wp:term":[{"taxonomy":"product_brand","embeddable":true,"href":"https:\/\/www.tahitiplaisirs.com\/en\/wp-json\/wp\/v2\/product_brand?post=5731"},{"taxonomy":"product_cat","embeddable":true,"href":"https:\/\/www.tahitiplaisirs.com\/en\/wp-json\/wp\/v2\/product_cat?post=5731"},{"taxonomy":"product_tag","embeddable":true,"href":"https:\/\/www.tahitiplaisirs.com\/en\/wp-json\/wp\/v2\/product_tag?post=5731"}],"curies":[{"name":"wp","href":"https:\/\/api.w.org\/{rel}","templated":true}]}}