{"id":5732,"date":"2025-08-15T16:13:53","date_gmt":"2025-08-16T02:13:53","guid":{"rendered":"https:\/\/www.tahitiplaisirs.com\/?post_type=product&#038;p=5732"},"modified":"2026-02-24T15:21:14","modified_gmt":"2026-02-25T01:21:14","slug":"gode-noir-magnum-18-28cm","status":"publish","type":"product","link":"https:\/\/www.tahitiplaisirs.com\/en\/product\/gode-noir-magnum-18-28cm\/","title":{"rendered":"Gode noir Magnum 18 &#8211; 28cm"},"content":{"rendered":"","protected":false},"excerpt":{"rendered":"<p>Gode noir 28cm de Magnum<\/p>\n<p>Magnum 18 est un gode r\u00e9aliste d\u00e9di\u00e9 aux fortes sensations de p\u00e9n\u00e9tration !<\/p>\n<p>C&rsquo;est un gode r\u00e9aliste tr\u00e8s long et tr\u00e8s large de couleur noir et \u00e0 la texture douce et souple au toucher.<\/p>\n<p>Il mesure 28cm de long dont 21 ins\u00e9rable pour un diam\u00e8tre au plus large de 6cm.<\/p>","protected":false},"featured_media":10197,"template":"","meta":[],"product_brand":[],"product_cat":[53,62,47],"product_tag":[],"class_list":{"0":"post-5732","1":"product","2":"type-product","3":"status-publish","4":"has-post-thumbnail","6":"product_cat-godemichets","7":"product_cat-plaisir-anal","8":"product_cat-sextoys","11":"instock","12":"taxable","13":"shipping-taxable","14":"purchasable","15":"product-type-simple","16":"product-grid-view"},"_links":{"self":[{"href":"https:\/\/www.tahitiplaisirs.com\/en\/wp-json\/wp\/v2\/product\/5732","targetHints":{"allow":["GET"]}}],"collection":[{"href":"https:\/\/www.tahitiplaisirs.com\/en\/wp-json\/wp\/v2\/product"}],"about":[{"href":"https:\/\/www.tahitiplaisirs.com\/en\/wp-json\/wp\/v2\/types\/product"}],"version-history":[{"count":3,"href":"https:\/\/www.tahitiplaisirs.com\/en\/wp-json\/wp\/v2\/product\/5732\/revisions"}],"predecessor-version":[{"id":10210,"href":"https:\/\/www.tahitiplaisirs.com\/en\/wp-json\/wp\/v2\/product\/5732\/revisions\/10210"}],"wp:featuredmedia":[{"embeddable":true,"href":"https:\/\/www.tahitiplaisirs.com\/en\/wp-json\/wp\/v2\/media\/10197"}],"wp:attachment":[{"href":"https:\/\/www.tahitiplaisirs.com\/en\/wp-json\/wp\/v2\/media?parent=5732"}],"wp:term":[{"taxonomy":"product_brand","embeddable":true,"href":"https:\/\/www.tahitiplaisirs.com\/en\/wp-json\/wp\/v2\/product_brand?post=5732"},{"taxonomy":"product_cat","embeddable":true,"href":"https:\/\/www.tahitiplaisirs.com\/en\/wp-json\/wp\/v2\/product_cat?post=5732"},{"taxonomy":"product_tag","embeddable":true,"href":"https:\/\/www.tahitiplaisirs.com\/en\/wp-json\/wp\/v2\/product_tag?post=5732"}],"curies":[{"name":"wp","href":"https:\/\/api.w.org\/{rel}","templated":true}]}}