{"id":5734,"date":"2025-08-15T16:13:53","date_gmt":"2025-08-16T02:13:53","guid":{"rendered":"https:\/\/www.tahitiplaisirs.com\/?post_type=product&#038;p=5734"},"modified":"2026-03-21T14:01:19","modified_gmt":"2026-03-22T00:01:19","slug":"lubrifiant-base-eau-eros-100ml","status":"publish","type":"product","link":"https:\/\/www.tahitiplaisirs.com\/en\/product\/lubrifiant-base-eau-eros-100ml\/","title":{"rendered":"Lubrifiant base eau Eros 100ml"},"content":{"rendered":"","protected":false},"excerpt":{"rendered":"<p>Lubrifiant \u00e0 base d&rsquo;eau de Eros<\/p>\n<p>Lubrifiant m\u00e9dical \u00e0 base d&rsquo;eau qui am\u00e9liore la lubrification lors des rapports intimes.<\/p>\n<p>Il est de longue dur\u00e9e, incolore et sans saveur. Il est doux pour la peau et ne contient pas d&rsquo;huile essentielle.<\/p>\n<p>Un plaisir de glisse garanti avec une dur\u00e9e extr\u00eamement longue, sans dess\u00e9cher !<\/p>\n<p>Contenance : 100 ml<\/p>\n<p>Convient pour une utilisation avec des pr\u00e9servatifs en latex<\/p>","protected":false},"featured_media":7484,"template":"","meta":[],"product_brand":[],"product_cat":[49,50],"product_tag":[],"class_list":{"0":"post-5734","1":"product","2":"type-product","3":"status-publish","4":"has-post-thumbnail","6":"product_cat-bien-etre","7":"product_cat-lubrifiants","10":"instock","11":"taxable","12":"shipping-taxable","13":"purchasable","14":"product-type-simple","15":"product-grid-view"},"_links":{"self":[{"href":"https:\/\/www.tahitiplaisirs.com\/en\/wp-json\/wp\/v2\/product\/5734","targetHints":{"allow":["GET"]}}],"collection":[{"href":"https:\/\/www.tahitiplaisirs.com\/en\/wp-json\/wp\/v2\/product"}],"about":[{"href":"https:\/\/www.tahitiplaisirs.com\/en\/wp-json\/wp\/v2\/types\/product"}],"version-history":[{"count":2,"href":"https:\/\/www.tahitiplaisirs.com\/en\/wp-json\/wp\/v2\/product\/5734\/revisions"}],"predecessor-version":[{"id":7486,"href":"https:\/\/www.tahitiplaisirs.com\/en\/wp-json\/wp\/v2\/product\/5734\/revisions\/7486"}],"wp:featuredmedia":[{"embeddable":true,"href":"https:\/\/www.tahitiplaisirs.com\/en\/wp-json\/wp\/v2\/media\/7484"}],"wp:attachment":[{"href":"https:\/\/www.tahitiplaisirs.com\/en\/wp-json\/wp\/v2\/media?parent=5734"}],"wp:term":[{"taxonomy":"product_brand","embeddable":true,"href":"https:\/\/www.tahitiplaisirs.com\/en\/wp-json\/wp\/v2\/product_brand?post=5734"},{"taxonomy":"product_cat","embeddable":true,"href":"https:\/\/www.tahitiplaisirs.com\/en\/wp-json\/wp\/v2\/product_cat?post=5734"},{"taxonomy":"product_tag","embeddable":true,"href":"https:\/\/www.tahitiplaisirs.com\/en\/wp-json\/wp\/v2\/product_tag?post=5734"}],"curies":[{"name":"wp","href":"https:\/\/api.w.org\/{rel}","templated":true}]}}