{"id":5772,"date":"2025-08-15T16:13:56","date_gmt":"2025-08-16T02:13:56","guid":{"rendered":"https:\/\/www.tahitiplaisirs.com\/?post_type=product&#038;p=5772"},"modified":"2026-04-10T12:14:03","modified_gmt":"2026-04-10T22:14:03","slug":"penisex-xxl-extreme-100ml","status":"publish","type":"product","link":"https:\/\/www.tahitiplaisirs.com\/en\/product\/penisex-xxl-extreme-100ml\/","title":{"rendered":"Penisex XXL Extreme 100ml"},"content":{"rendered":"","protected":false},"excerpt":{"rendered":"<p>Penisex XXL Extreme de Joy Division<\/p>\n<p>La cr\u00e8me Penisex facilite la circulation sanguine ce qui permet au p\u00e9nis d\u2019\u00eatre mieux irrigu\u00e9 et permet de maintenir une \u00e9rection plus ferme.<\/p>\n<p>Elle s\u2019applique facilement, ne colle pas et ne forme pas de p\u00e2t\u00e9s.<\/p>\n<p>Apr\u00e8s une cure de plusieurs jours, en massages l\u00e9gers, le p\u00e9nis est plus ferme tandis que l\u2019\u00e9rection est plus forte.<\/p>\n<p>La cr\u00e8me Penisex ne se rince pas, les ingr\u00e9dients sont 100% naturels, la peau l\u2019absorbe compl\u00e8tement.<\/p>\n<p>Vous pouvez l\u2019utiliser \u00e9galement lors d\u2019un rapport sexuel et peut servir de lubrifiant.<\/p>","protected":false},"featured_media":7012,"template":"","meta":[],"product_brand":[],"product_cat":[49,52,51],"product_tag":[],"class_list":{"0":"post-5772","1":"product","2":"type-product","3":"status-publish","4":"has-post-thumbnail","6":"product_cat-bien-etre","7":"product_cat-developpement-du-penis","8":"product_cat-pour-lui","11":"instock","12":"taxable","13":"shipping-taxable","14":"purchasable","15":"product-type-simple","16":"product-grid-view"},"_links":{"self":[{"href":"https:\/\/www.tahitiplaisirs.com\/en\/wp-json\/wp\/v2\/product\/5772","targetHints":{"allow":["GET"]}}],"collection":[{"href":"https:\/\/www.tahitiplaisirs.com\/en\/wp-json\/wp\/v2\/product"}],"about":[{"href":"https:\/\/www.tahitiplaisirs.com\/en\/wp-json\/wp\/v2\/types\/product"}],"version-history":[{"count":2,"href":"https:\/\/www.tahitiplaisirs.com\/en\/wp-json\/wp\/v2\/product\/5772\/revisions"}],"predecessor-version":[{"id":9043,"href":"https:\/\/www.tahitiplaisirs.com\/en\/wp-json\/wp\/v2\/product\/5772\/revisions\/9043"}],"wp:featuredmedia":[{"embeddable":true,"href":"https:\/\/www.tahitiplaisirs.com\/en\/wp-json\/wp\/v2\/media\/7012"}],"wp:attachment":[{"href":"https:\/\/www.tahitiplaisirs.com\/en\/wp-json\/wp\/v2\/media?parent=5772"}],"wp:term":[{"taxonomy":"product_brand","embeddable":true,"href":"https:\/\/www.tahitiplaisirs.com\/en\/wp-json\/wp\/v2\/product_brand?post=5772"},{"taxonomy":"product_cat","embeddable":true,"href":"https:\/\/www.tahitiplaisirs.com\/en\/wp-json\/wp\/v2\/product_cat?post=5772"},{"taxonomy":"product_tag","embeddable":true,"href":"https:\/\/www.tahitiplaisirs.com\/en\/wp-json\/wp\/v2\/product_tag?post=5772"}],"curies":[{"name":"wp","href":"https:\/\/api.w.org\/{rel}","templated":true}]}}