{"id":5773,"date":"2025-08-15T16:13:56","date_gmt":"2025-08-16T02:13:56","guid":{"rendered":"https:\/\/www.tahitiplaisirs.com\/?post_type=product&#038;p=5773"},"modified":"2026-03-21T14:01:07","modified_gmt":"2026-03-22T00:01:07","slug":"set-royal-purple-gw-s-l","status":"publish","type":"product","link":"https:\/\/www.tahitiplaisirs.com\/en\/product\/set-royal-purple-gw-s-l\/","title":{"rendered":"Set Royal purple GW S-L"},"content":{"rendered":"","protected":false},"excerpt":{"rendered":"<p>Set Royal purple S-L de G-World<\/p>\n<p>Ce set est compos\u00e9 d&rsquo;un haut de soutien-gorge \u00e0 armatures avec un m\u00e9lange de dentelle et de r\u00e9sille, des bretelles en velours et des d\u00e9tails scintillants en forme de c\u0153ur, et d&rsquo;une culotte taille haute classique et sexy, avec une vue arri\u00e8re tr\u00e8s coquine.<\/p>\n<p>Mati\u00e8re : 88 % polyamide, 12 % \u00e9lasthanne<\/p>","protected":false},"featured_media":9228,"template":"","meta":[],"product_brand":[107],"product_cat":[73,74,63],"product_tag":[],"class_list":{"0":"post-5773","1":"product","2":"type-product","3":"status-publish","4":"has-post-thumbnail","6":"product_brand-g-world","7":"product_cat-lingerie-sexy","8":"product_cat-nuisettes-bodys-et-set","9":"product_cat-pour-elle","12":"instock","13":"taxable","14":"shipping-taxable","15":"purchasable","16":"product-type-simple","17":"product-grid-view"},"_links":{"self":[{"href":"https:\/\/www.tahitiplaisirs.com\/en\/wp-json\/wp\/v2\/product\/5773","targetHints":{"allow":["GET"]}}],"collection":[{"href":"https:\/\/www.tahitiplaisirs.com\/en\/wp-json\/wp\/v2\/product"}],"about":[{"href":"https:\/\/www.tahitiplaisirs.com\/en\/wp-json\/wp\/v2\/types\/product"}],"version-history":[{"count":3,"href":"https:\/\/www.tahitiplaisirs.com\/en\/wp-json\/wp\/v2\/product\/5773\/revisions"}],"predecessor-version":[{"id":9231,"href":"https:\/\/www.tahitiplaisirs.com\/en\/wp-json\/wp\/v2\/product\/5773\/revisions\/9231"}],"wp:featuredmedia":[{"embeddable":true,"href":"https:\/\/www.tahitiplaisirs.com\/en\/wp-json\/wp\/v2\/media\/9228"}],"wp:attachment":[{"href":"https:\/\/www.tahitiplaisirs.com\/en\/wp-json\/wp\/v2\/media?parent=5773"}],"wp:term":[{"taxonomy":"product_brand","embeddable":true,"href":"https:\/\/www.tahitiplaisirs.com\/en\/wp-json\/wp\/v2\/product_brand?post=5773"},{"taxonomy":"product_cat","embeddable":true,"href":"https:\/\/www.tahitiplaisirs.com\/en\/wp-json\/wp\/v2\/product_cat?post=5773"},{"taxonomy":"product_tag","embeddable":true,"href":"https:\/\/www.tahitiplaisirs.com\/en\/wp-json\/wp\/v2\/product_tag?post=5773"}],"curies":[{"name":"wp","href":"https:\/\/api.w.org\/{rel}","templated":true}]}}