{"id":5775,"date":"2025-08-15T16:13:57","date_gmt":"2025-08-16T02:13:57","guid":{"rendered":"https:\/\/www.tahitiplaisirs.com\/?post_type=product&#038;p=5775"},"modified":"2026-03-21T14:01:03","modified_gmt":"2026-03-22T00:01:03","slug":"masturbateur-horny-pussy","status":"publish","type":"product","link":"https:\/\/www.tahitiplaisirs.com\/en\/product\/masturbateur-horny-pussy\/","title":{"rendered":"Masturbateur Horny Pussy"},"content":{"rendered":"","protected":false},"excerpt":{"rendered":"<p>Masturbateur Horny Pussy de Malesation<\/p>\n<p>Ce masturbateur est une alternative int\u00e9ressante&#8230; ce n&rsquo;est pas un vrai vagin, mais il s&rsquo;en rapproche r\u00e9ellement&#8230;<\/p>\n<p>Sa texture douce et tendre offrira une exp\u00e9rience authentique, imitant avec r\u00e9alisme les sensations d&rsquo;une vraie p\u00e9n\u00e9tration.<\/p>\n<p>Plus vous p\u00e9n\u00e9trerez profond\u00e9ment, plus vous sentirez la gaine entourer votre gland et votre p\u00e9nis, et vous stimuler intens\u00e9ment jusqu&rsquo;\u00e0 l&rsquo;\u00e9jaculation.<\/p>\n<p>Et cerise sur le g\u00e2teau, vous pourrez r\u00e9gler manuellement l&rsquo;effet de succion de votre masturbateur en d\u00e9vissant le couvercle du fond.<\/p>","protected":false},"featured_media":7194,"template":"","meta":[],"product_brand":[122],"product_cat":[78,51,47],"product_tag":[],"class_list":{"0":"post-5775","1":"product","2":"type-product","3":"status-publish","4":"has-post-thumbnail","6":"product_brand-malesation","7":"product_cat-masturbateurs","8":"product_cat-pour-lui","9":"product_cat-sextoys","12":"instock","13":"taxable","14":"shipping-taxable","15":"purchasable","16":"product-type-simple","17":"product-grid-view"},"_links":{"self":[{"href":"https:\/\/www.tahitiplaisirs.com\/en\/wp-json\/wp\/v2\/product\/5775","targetHints":{"allow":["GET"]}}],"collection":[{"href":"https:\/\/www.tahitiplaisirs.com\/en\/wp-json\/wp\/v2\/product"}],"about":[{"href":"https:\/\/www.tahitiplaisirs.com\/en\/wp-json\/wp\/v2\/types\/product"}],"version-history":[{"count":1,"href":"https:\/\/www.tahitiplaisirs.com\/en\/wp-json\/wp\/v2\/product\/5775\/revisions"}],"predecessor-version":[{"id":5805,"href":"https:\/\/www.tahitiplaisirs.com\/en\/wp-json\/wp\/v2\/product\/5775\/revisions\/5805"}],"wp:featuredmedia":[{"embeddable":true,"href":"https:\/\/www.tahitiplaisirs.com\/en\/wp-json\/wp\/v2\/media\/7194"}],"wp:attachment":[{"href":"https:\/\/www.tahitiplaisirs.com\/en\/wp-json\/wp\/v2\/media?parent=5775"}],"wp:term":[{"taxonomy":"product_brand","embeddable":true,"href":"https:\/\/www.tahitiplaisirs.com\/en\/wp-json\/wp\/v2\/product_brand?post=5775"},{"taxonomy":"product_cat","embeddable":true,"href":"https:\/\/www.tahitiplaisirs.com\/en\/wp-json\/wp\/v2\/product_cat?post=5775"},{"taxonomy":"product_tag","embeddable":true,"href":"https:\/\/www.tahitiplaisirs.com\/en\/wp-json\/wp\/v2\/product_tag?post=5775"}],"curies":[{"name":"wp","href":"https:\/\/api.w.org\/{rel}","templated":true}]}}