{"id":5779,"date":"2025-08-15T16:13:57","date_gmt":"2025-08-16T02:13:57","guid":{"rendered":"https:\/\/www.tahitiplaisirs.com\/?post_type=product&#038;p=5779"},"modified":"2026-02-24T15:21:10","modified_gmt":"2026-02-25T01:21:10","slug":"gode-main-magnum-22-38cm","status":"publish","type":"product","link":"https:\/\/www.tahitiplaisirs.com\/en\/product\/gode-main-magnum-22-38cm\/","title":{"rendered":"Gode main Magnum 22 &#8211; 38cm"},"content":{"rendered":"","protected":false},"excerpt":{"rendered":"<p>Gode main Magnum 22 &#8211; 38cm de Magnum<\/p>\n<p>Voici une main taille r\u00e9elle !<\/p>\n<p>De nombreux fantasmes tournent autour du fist fucking et il est maintenant possible de le faire avec ce sextoy.<\/p>\n<p>Cette main en PVC de haute qualit\u00e9 mesure 38cm pour un diam\u00e8tre au plus large de 8cm.<\/p>\n<div class=\"elementor-element elementor-element-013993c elementor-widget elementor-widget-product-description elementor-widget-text-editor\" data-id=\"013993c\" data-element_type=\"widget\" data-widget_type=\"product-description.default\">\n<div class=\"elementor-widget-container\">La p\u00e9n\u00e9tration sera tr\u00e8s intense et puissante pour des sensations extr\u00eames.<\/div>\n<\/div>\n<div class=\"elementor-element elementor-element-d77ffa7 btn-default btn-read-more-product elementor-widget elementor-widget-button\" data-id=\"d77ffa7\" data-element_type=\"widget\" data-widget_type=\"button.default\">\n<div class=\"elementor-widget-container\">\n<div class=\"elementor-button-wrapper\"><\/div>\n<\/div>\n<\/div>\n<div class=\"elementor-element elementor-element-320b8d6 elementor-widget elementor-widget-product-description-short elementor-widget-text-editor\" data-id=\"320b8d6\" data-element_type=\"widget\" data-widget_type=\"product-description-short.default\">\n<div class=\"elementor-widget-container\">\n<div class=\"ce-product-description-short\">Poids 880grs.<\/div>\n<\/div>\n<\/div>","protected":false},"featured_media":10199,"template":"","meta":[],"product_brand":[],"product_cat":[53,62,47],"product_tag":[],"class_list":{"0":"post-5779","1":"product","2":"type-product","3":"status-publish","4":"has-post-thumbnail","6":"product_cat-godemichets","7":"product_cat-plaisir-anal","8":"product_cat-sextoys","11":"instock","12":"taxable","13":"shipping-taxable","14":"purchasable","15":"product-type-simple","16":"product-grid-view"},"_links":{"self":[{"href":"https:\/\/www.tahitiplaisirs.com\/en\/wp-json\/wp\/v2\/product\/5779","targetHints":{"allow":["GET"]}}],"collection":[{"href":"https:\/\/www.tahitiplaisirs.com\/en\/wp-json\/wp\/v2\/product"}],"about":[{"href":"https:\/\/www.tahitiplaisirs.com\/en\/wp-json\/wp\/v2\/types\/product"}],"version-history":[{"count":3,"href":"https:\/\/www.tahitiplaisirs.com\/en\/wp-json\/wp\/v2\/product\/5779\/revisions"}],"predecessor-version":[{"id":10205,"href":"https:\/\/www.tahitiplaisirs.com\/en\/wp-json\/wp\/v2\/product\/5779\/revisions\/10205"}],"wp:featuredmedia":[{"embeddable":true,"href":"https:\/\/www.tahitiplaisirs.com\/en\/wp-json\/wp\/v2\/media\/10199"}],"wp:attachment":[{"href":"https:\/\/www.tahitiplaisirs.com\/en\/wp-json\/wp\/v2\/media?parent=5779"}],"wp:term":[{"taxonomy":"product_brand","embeddable":true,"href":"https:\/\/www.tahitiplaisirs.com\/en\/wp-json\/wp\/v2\/product_brand?post=5779"},{"taxonomy":"product_cat","embeddable":true,"href":"https:\/\/www.tahitiplaisirs.com\/en\/wp-json\/wp\/v2\/product_cat?post=5779"},{"taxonomy":"product_tag","embeddable":true,"href":"https:\/\/www.tahitiplaisirs.com\/en\/wp-json\/wp\/v2\/product_tag?post=5779"}],"curies":[{"name":"wp","href":"https:\/\/api.w.org\/{rel}","templated":true}]}}