{"id":5788,"date":"2025-08-15T16:13:57","date_gmt":"2025-08-16T02:13:57","guid":{"rendered":"https:\/\/www.tahitiplaisirs.com\/?post_type=product&#038;p=5788"},"modified":"2026-04-18T09:38:03","modified_gmt":"2026-04-18T19:38:03","slug":"amsterdam-chill-10ml","status":"publish","type":"product","link":"https:\/\/www.tahitiplaisirs.com\/en\/product\/amsterdam-chill-10ml\/","title":{"rendered":"Amsterdam Chill 10ml"},"content":{"rendered":"","protected":false},"excerpt":{"rendered":"<p>Amsterdam Poppers Chill<\/p>\n<p>Famille : Propyle<\/p>\n<p>Flacon de 10 ml<\/p>\n<p>Cet ar\u00f4me d&rsquo;ambiance con\u00e7u \u00e0 base de nitrite de propyle a des effets intenses et agr\u00e9ables.<\/p>\n<p>Il est id\u00e9al pour les soir\u00e9e d\u00e9tente et la f\u00eate.<\/p>","protected":false},"featured_media":7274,"template":"","meta":[],"product_brand":[],"product_cat":[84],"product_tag":[],"class_list":{"0":"post-5788","1":"product","2":"type-product","3":"status-publish","4":"has-post-thumbnail","6":"product_cat-poppers","7":"product_shipping_class-inflammable","10":"instock","11":"taxable","12":"shipping-taxable","13":"purchasable","14":"product-type-simple","15":"product-grid-view"},"_links":{"self":[{"href":"https:\/\/www.tahitiplaisirs.com\/en\/wp-json\/wp\/v2\/product\/5788","targetHints":{"allow":["GET"]}}],"collection":[{"href":"https:\/\/www.tahitiplaisirs.com\/en\/wp-json\/wp\/v2\/product"}],"about":[{"href":"https:\/\/www.tahitiplaisirs.com\/en\/wp-json\/wp\/v2\/types\/product"}],"version-history":[{"count":2,"href":"https:\/\/www.tahitiplaisirs.com\/en\/wp-json\/wp\/v2\/product\/5788\/revisions"}],"predecessor-version":[{"id":9376,"href":"https:\/\/www.tahitiplaisirs.com\/en\/wp-json\/wp\/v2\/product\/5788\/revisions\/9376"}],"wp:featuredmedia":[{"embeddable":true,"href":"https:\/\/www.tahitiplaisirs.com\/en\/wp-json\/wp\/v2\/media\/7274"}],"wp:attachment":[{"href":"https:\/\/www.tahitiplaisirs.com\/en\/wp-json\/wp\/v2\/media?parent=5788"}],"wp:term":[{"taxonomy":"product_brand","embeddable":true,"href":"https:\/\/www.tahitiplaisirs.com\/en\/wp-json\/wp\/v2\/product_brand?post=5788"},{"taxonomy":"product_cat","embeddable":true,"href":"https:\/\/www.tahitiplaisirs.com\/en\/wp-json\/wp\/v2\/product_cat?post=5788"},{"taxonomy":"product_tag","embeddable":true,"href":"https:\/\/www.tahitiplaisirs.com\/en\/wp-json\/wp\/v2\/product_tag?post=5788"}],"curies":[{"name":"wp","href":"https:\/\/api.w.org\/{rel}","templated":true}]}}