{"id":5791,"date":"2025-09-16T10:13:57","date_gmt":"2025-09-16T20:13:57","guid":{"rendered":"https:\/\/www.tahitiplaisirs.com\/?post_type=product&#038;p=5791"},"modified":"2026-03-21T14:00:12","modified_gmt":"2026-03-22T00:00:12","slug":"gode-hyper-realiste-148mm","status":"publish","type":"product","link":"https:\/\/www.tahitiplaisirs.com\/en\/product\/gode-hyper-realiste-148mm\/","title":{"rendered":"Gode hyper r\u00e9aliste 5,8&Prime; &#8211; 14,8cm"},"content":{"rendered":"","protected":false},"excerpt":{"rendered":"<p>Gode hyper r\u00e9aliste 5,8&Prime; &#8211; 14,8cm de Cock Miller<\/p>\n<p>Ce gode r\u00e9aliste de 14,8cm est con\u00e7u pour offrir une exp\u00e9rience de plaisir intense et personnalis\u00e9e gr\u00e2ce \u00e0 son silicone de qualit\u00e9 sup\u00e9rieure, sa flexibilit\u00e9 et sa puissante ventouse.<\/p>\n<p>Id\u00e9al pour celles er ceux qui recherchent une exp\u00e9rience de p\u00e9n\u00e9tration confortable et r\u00e9aliste, ce jouet \u00e9rotique allie la douceur du silicone m\u00e9dical \u00e0 la fonctionnalit\u00e9 d&rsquo;une ventouse pour une fixation sur des surfaces lisses, offrant ainsi la possibilit\u00e9 d&rsquo;une utilisation mains libres.<\/p>\n<p>Gr\u00e2ce \u00e0 sa flexibilit\u00e9, vous pouvez ajuster le gode dans diff\u00e9rentes positions et angles, ce qui le rend parfait pour explorer une vari\u00e9t\u00e9 de plaisirs, en solo ou en couple.<\/p>\n<p><u><em><strong>Sp\u00e9cifications techniques :<\/strong><\/em><\/u><\/p>\n<ul>\n<li>Longueur totale : 14,8cm<\/li>\n<li>Longueur ins\u00e9rable : environ 13cm<\/li>\n<li>Diam\u00e8tre moyen : 3,5cm<\/li>\n<li>Mat\u00e9riau : Silicone m\u00e9dical de haute qualit\u00e9, hypoallerg\u00e9nique et sans phtalate, assurant s\u00e9curit\u00e9 et confort lors de l&rsquo;utilisation.<\/li>\n<li>Texture : Douce au toucher, type \u00ab peau \u00bb, avec des d\u00e9tails anatomiques r\u00e9alistes tels que le gland et les veines, pour une exp\u00e9rience plus r\u00e9aliste. Authentique<\/li>\n<li>Fermet\u00e9 : Noyau flexible mais ferme, permettant une exp\u00e9rience confortable et adaptable selon les besoins et les d\u00e9sirs de l&rsquo;utilisateur.<\/li>\n<\/ul>\n<p><u><em><strong>Fonctionnalit\u00e9s suppl\u00e9mentaires\u00a0:<\/strong><\/em><\/u><\/p>\n<ul>\n<li>Pliable : Sa conception flexible permet de le plier pour l&rsquo;adapter \u00e0 vos besoins.<\/li>\n<li>Ventouse extra-forte : La base est dot\u00e9e d&rsquo;une ventouse \u00e0 haute adh\u00e9rence, lui permettant d&rsquo;\u00eatre solidement fix\u00e9e sur des surfaces planes et lisses (telles que le carrelage, le verre, le bois, etc.) pour une exp\u00e9rience mains libres.<\/li>\n<\/ul>\n<p><u><em><strong>Conseils entretien et soins de votre boutique bien-\u00eatre Tahiti Plaisirs :<\/strong><\/em><\/u><\/p>\n<ul>\n<li>Nettoyer \u00e0 l&rsquo;eau ti\u00e8de et au savon neutre avant et apr\u00e8s chaque utilisation pour le garder hygi\u00e9nique et s\u00fbr.<\/li>\n<li>Utiliser uniquement des lubrifiants \u00e0 base d&rsquo;eau pour pr\u00e9server la qualit\u00e9 du mat\u00e9riau silicone.<\/li>\n<li>Conserver dans un endroit sec et frais, \u00e0 l&rsquo;abri de la lumi\u00e8re directe du soleil. Utiliser un sac de rangement pour le prot\u00e9ger de la poussi\u00e8re et des autres agents ext\u00e9rieurs.<\/li>\n<\/ul>","protected":false},"featured_media":9049,"template":"","meta":[],"product_brand":[137],"product_cat":[53,47],"product_tag":[],"class_list":{"0":"post-5791","1":"product","2":"type-product","3":"status-publish","4":"has-post-thumbnail","6":"product_brand-cock-miller","7":"product_cat-godemichets","8":"product_cat-sextoys","11":"instock","12":"taxable","13":"shipping-taxable","14":"purchasable","15":"product-type-simple","16":"product-grid-view"},"_links":{"self":[{"href":"https:\/\/www.tahitiplaisirs.com\/en\/wp-json\/wp\/v2\/product\/5791","targetHints":{"allow":["GET"]}}],"collection":[{"href":"https:\/\/www.tahitiplaisirs.com\/en\/wp-json\/wp\/v2\/product"}],"about":[{"href":"https:\/\/www.tahitiplaisirs.com\/en\/wp-json\/wp\/v2\/types\/product"}],"version-history":[{"count":3,"href":"https:\/\/www.tahitiplaisirs.com\/en\/wp-json\/wp\/v2\/product\/5791\/revisions"}],"predecessor-version":[{"id":9048,"href":"https:\/\/www.tahitiplaisirs.com\/en\/wp-json\/wp\/v2\/product\/5791\/revisions\/9048"}],"wp:featuredmedia":[{"embeddable":true,"href":"https:\/\/www.tahitiplaisirs.com\/en\/wp-json\/wp\/v2\/media\/9049"}],"wp:attachment":[{"href":"https:\/\/www.tahitiplaisirs.com\/en\/wp-json\/wp\/v2\/media?parent=5791"}],"wp:term":[{"taxonomy":"product_brand","embeddable":true,"href":"https:\/\/www.tahitiplaisirs.com\/en\/wp-json\/wp\/v2\/product_brand?post=5791"},{"taxonomy":"product_cat","embeddable":true,"href":"https:\/\/www.tahitiplaisirs.com\/en\/wp-json\/wp\/v2\/product_cat?post=5791"},{"taxonomy":"product_tag","embeddable":true,"href":"https:\/\/www.tahitiplaisirs.com\/en\/wp-json\/wp\/v2\/product_tag?post=5791"}],"curies":[{"name":"wp","href":"https:\/\/api.w.org\/{rel}","templated":true}]}}