{"id":5794,"date":"2025-08-16T09:10:57","date_gmt":"2025-08-16T19:10:57","guid":{"rendered":"https:\/\/www.tahitiplaisirs.com\/?post_type=product&#038;p=5794"},"modified":"2026-03-21T14:00:10","modified_gmt":"2026-03-22T00:00:10","slug":"vibromasseur-paty-rose-189mm","status":"publish","type":"product","link":"https:\/\/www.tahitiplaisirs.com\/en\/product\/vibromasseur-paty-rose-189mm\/","title":{"rendered":"Vibromasseur Paty rose 18,9cm"},"content":{"rendered":"","protected":false},"excerpt":{"rendered":"<p>Vibromasseur Paty rose de Intense<\/p>\n<p>Plongez dans un monde de plaisir avec PATY , le vibromasseur \u00e9l\u00e9gant et fonctionnel, cr\u00e9\u00e9 pour vous offrir des exp\u00e9riences sensuelles inoubliables !<\/p>\n<p>Avec une longueur total de 18,9cm dont 12cm ins\u00e9rable et une flexibilit\u00e9 id\u00e9ale, ce vibromasseur est parfait pour celles qui souhaitent une stimulation pr\u00e9cise et puissante.<\/p>\n<p><u>CARACT\u00c9RISTIQUES<\/u>\u00a0:<\/p>\n<ul>\n<li>10 modes de vibrations\u00a0qui vous permettent de personnaliser votre exp\u00e9rience, des pulsations douces aux vibrations intenses, pour satisfaire toutes vos envies.<\/li>\n<li>Tige flexible\u00a0, qui s&rsquo;adapte \u00e0 votre anatomie pour atteindre facilement vos points les plus sensibles, offrant une sensation naturelle et agr\u00e9able.<\/li>\n<li>Texture soyeuse\u00a0gr\u00e2ce \u00e0 son\u00a0silicone de qualit\u00e9 m\u00e9dicale premium\u00a0, doux au toucher, sans danger pour le corps, hypoallerg\u00e9nique et facile \u00e0 nettoyer.<\/li>\n<li>Conception ergonomique\u00a0qui facilite la prise en main et le contr\u00f4le pendant l&rsquo;utilisation, offrant une exp\u00e9rience confortable et agr\u00e9able.<\/li>\n<li>Moteur silencieux , id\u00e9al pour les moments intimes et discrets, seul ou en couple.<\/li>\n<li>\u00c9tanche (IPX6), vous permettant de profiter du plaisir m\u00eame sous la douche, et rechargeable par USB pour plus de commodit\u00e9.<\/li>\n<\/ul>","protected":false},"featured_media":9046,"template":"","meta":[],"product_brand":[102],"product_cat":[63,47,64],"product_tag":[],"class_list":{"0":"post-5794","1":"product","2":"type-product","3":"status-publish","4":"has-post-thumbnail","6":"product_brand-intense","7":"product_cat-pour-elle","8":"product_cat-sextoys","9":"product_cat-vibromasseurs","12":"instock","13":"taxable","14":"shipping-taxable","15":"purchasable","16":"product-type-simple","17":"product-grid-view"},"_links":{"self":[{"href":"https:\/\/www.tahitiplaisirs.com\/en\/wp-json\/wp\/v2\/product\/5794","targetHints":{"allow":["GET"]}}],"collection":[{"href":"https:\/\/www.tahitiplaisirs.com\/en\/wp-json\/wp\/v2\/product"}],"about":[{"href":"https:\/\/www.tahitiplaisirs.com\/en\/wp-json\/wp\/v2\/types\/product"}],"version-history":[{"count":4,"href":"https:\/\/www.tahitiplaisirs.com\/en\/wp-json\/wp\/v2\/product\/5794\/revisions"}],"predecessor-version":[{"id":9093,"href":"https:\/\/www.tahitiplaisirs.com\/en\/wp-json\/wp\/v2\/product\/5794\/revisions\/9093"}],"wp:featuredmedia":[{"embeddable":true,"href":"https:\/\/www.tahitiplaisirs.com\/en\/wp-json\/wp\/v2\/media\/9046"}],"wp:attachment":[{"href":"https:\/\/www.tahitiplaisirs.com\/en\/wp-json\/wp\/v2\/media?parent=5794"}],"wp:term":[{"taxonomy":"product_brand","embeddable":true,"href":"https:\/\/www.tahitiplaisirs.com\/en\/wp-json\/wp\/v2\/product_brand?post=5794"},{"taxonomy":"product_cat","embeddable":true,"href":"https:\/\/www.tahitiplaisirs.com\/en\/wp-json\/wp\/v2\/product_cat?post=5794"},{"taxonomy":"product_tag","embeddable":true,"href":"https:\/\/www.tahitiplaisirs.com\/en\/wp-json\/wp\/v2\/product_tag?post=5794"}],"curies":[{"name":"wp","href":"https:\/\/api.w.org\/{rel}","templated":true}]}}