{"id":5825,"date":"2025-08-15T16:14:01","date_gmt":"2025-08-16T02:14:01","guid":{"rendered":"https:\/\/www.tahitiplaisirs.com\/?post_type=product&#038;p=5825"},"modified":"2026-03-21T14:00:09","modified_gmt":"2026-03-22T00:00:09","slug":"body-turquoise-sarcelle-gw-queen-size","status":"publish","type":"product","link":"https:\/\/www.tahitiplaisirs.com\/en\/product\/body-turquoise-sarcelle-gw-queen-size\/","title":{"rendered":"Body turquoise sarcelle GW Queen size"},"content":{"rendered":"","protected":false},"excerpt":{"rendered":"<p>Body Queen size turquoise sarcelle de G-World<\/p>\n<p><span dir=\"auto\">Body une pi\u00e8ce en jacquard, orn\u00e9 de petites d\u00e9coupes, de boutons de fleurs et d&rsquo;une boucle \u00e0 la taille orn\u00e9e de strass brillants qui accentue la silhouette.<\/span><\/p>\n<p><span dir=\"auto\">Ouverture \u00e0 l&rsquo;entrejambe par boutons pression.<\/span><\/p>\n<p><span dir=\"auto\">Mati\u00e8re : 88 % polyamide, 12 % \u00e9lasthanne<\/span><\/p>","protected":false},"featured_media":8863,"template":"","meta":[],"product_brand":[107],"product_cat":[73,74,63],"product_tag":[],"class_list":{"0":"post-5825","1":"product","2":"type-product","3":"status-publish","4":"has-post-thumbnail","6":"product_brand-g-world","7":"product_cat-lingerie-sexy","8":"product_cat-nuisettes-bodys-et-set","9":"product_cat-pour-elle","12":"instock","13":"taxable","14":"shipping-taxable","15":"purchasable","16":"product-type-simple","17":"product-grid-view"},"_links":{"self":[{"href":"https:\/\/www.tahitiplaisirs.com\/en\/wp-json\/wp\/v2\/product\/5825","targetHints":{"allow":["GET"]}}],"collection":[{"href":"https:\/\/www.tahitiplaisirs.com\/en\/wp-json\/wp\/v2\/product"}],"about":[{"href":"https:\/\/www.tahitiplaisirs.com\/en\/wp-json\/wp\/v2\/types\/product"}],"version-history":[{"count":4,"href":"https:\/\/www.tahitiplaisirs.com\/en\/wp-json\/wp\/v2\/product\/5825\/revisions"}],"predecessor-version":[{"id":9204,"href":"https:\/\/www.tahitiplaisirs.com\/en\/wp-json\/wp\/v2\/product\/5825\/revisions\/9204"}],"wp:featuredmedia":[{"embeddable":true,"href":"https:\/\/www.tahitiplaisirs.com\/en\/wp-json\/wp\/v2\/media\/8863"}],"wp:attachment":[{"href":"https:\/\/www.tahitiplaisirs.com\/en\/wp-json\/wp\/v2\/media?parent=5825"}],"wp:term":[{"taxonomy":"product_brand","embeddable":true,"href":"https:\/\/www.tahitiplaisirs.com\/en\/wp-json\/wp\/v2\/product_brand?post=5825"},{"taxonomy":"product_cat","embeddable":true,"href":"https:\/\/www.tahitiplaisirs.com\/en\/wp-json\/wp\/v2\/product_cat?post=5825"},{"taxonomy":"product_tag","embeddable":true,"href":"https:\/\/www.tahitiplaisirs.com\/en\/wp-json\/wp\/v2\/product_tag?post=5825"}],"curies":[{"name":"wp","href":"https:\/\/api.w.org\/{rel}","templated":true}]}}