{"id":5836,"date":"2025-08-15T16:14:01","date_gmt":"2025-08-16T02:14:01","guid":{"rendered":"https:\/\/www.tahitiplaisirs.com\/?post_type=product&#038;p=5836"},"modified":"2026-04-16T16:27:03","modified_gmt":"2026-04-17T02:27:03","slug":"xxx-hard-steel-20-000k-trio","status":"publish","type":"product","link":"https:\/\/www.tahitiplaisirs.com\/en\/product\/xxx-hard-steel-20-000k-trio\/","title":{"rendered":"XXX Hard Steel 20 000k trio"},"content":{"rendered":"","protected":false},"excerpt":{"rendered":"<p>Hard Steel 20 000k trio<\/p>\n<p><span class=\"Y2IQFc\" lang=\"fr\">Sa formule <span lang=\"fr\">a \u00e9t\u00e9 scientifiquement con\u00e7u pour les hommes afin d&rsquo;augmenter <\/span> les performances, l&rsquo;endurance.<\/span><\/p>\n<div id=\"tw-target-text-container\" class=\"tw-ta-container hide-focus-ring tw-nfl\" tabindex=\"0\">\n<p class=\"tw-data-text tw-text-large XcVN5d tw-ta\" dir=\"ltr\" data-placeholder=\"Traduction\"><span lang=\"fr\"> Il a \u00e9t\u00e9 formul\u00e9 pour favoriser des \u00e9rections plus longues, plus dures et am\u00e9liorer l&rsquo;activit\u00e9 sexuelle.<\/span><\/p>\n<p dir=\"ltr\" data-placeholder=\"Traduction\">Mode d&#8217;emploi :<\/p>\n<div id=\"tw-target-text-container\" class=\"tw-ta-container hide-focus-ring tw-nfl\" tabindex=\"0\">\n<p id=\"tw-target-text\" class=\"tw-data-text tw-text-large XcVN5d tw-ta\" dir=\"ltr\" data-placeholder=\"Traduction\"><span lang=\"fr\">Prendre 1 g\u00e9lule 30 minutes avant l&rsquo;activit\u00e9 sexuelle avec un verre d&rsquo;eau.<\/span><\/p>\n<p class=\"tw-data-text tw-text-large XcVN5d tw-ta\" dir=\"ltr\" data-placeholder=\"Traduction\"><span lang=\"fr\">Les effets sont activ\u00e9s lorsque la stimulation physique se produit et peuvent durer jusqu&rsquo;\u00e0 4 jours.<\/span><\/p>\n<p class=\"tw-data-text tw-text-large XcVN5d tw-ta\" dir=\"ltr\" data-placeholder=\"Traduction\"><span lang=\"fr\">Ne prenez pas plus d&rsquo;une g\u00e9lule dans les 24 heures.<\/span><\/p>\n<\/div>\n<\/div>","protected":false},"featured_media":7221,"template":"","meta":[],"product_brand":[],"product_cat":[51,55],"product_tag":[],"class_list":{"0":"post-5836","1":"product","2":"type-product","3":"status-publish","4":"has-post-thumbnail","6":"product_cat-pour-lui","7":"product_cat-stimulants-hommes","10":"instock","11":"purchasable","12":"product-type-simple","13":"product-grid-view"},"_links":{"self":[{"href":"https:\/\/www.tahitiplaisirs.com\/en\/wp-json\/wp\/v2\/product\/5836","targetHints":{"allow":["GET"]}}],"collection":[{"href":"https:\/\/www.tahitiplaisirs.com\/en\/wp-json\/wp\/v2\/product"}],"about":[{"href":"https:\/\/www.tahitiplaisirs.com\/en\/wp-json\/wp\/v2\/types\/product"}],"version-history":[{"count":3,"href":"https:\/\/www.tahitiplaisirs.com\/en\/wp-json\/wp\/v2\/product\/5836\/revisions"}],"predecessor-version":[{"id":9752,"href":"https:\/\/www.tahitiplaisirs.com\/en\/wp-json\/wp\/v2\/product\/5836\/revisions\/9752"}],"wp:featuredmedia":[{"embeddable":true,"href":"https:\/\/www.tahitiplaisirs.com\/en\/wp-json\/wp\/v2\/media\/7221"}],"wp:attachment":[{"href":"https:\/\/www.tahitiplaisirs.com\/en\/wp-json\/wp\/v2\/media?parent=5836"}],"wp:term":[{"taxonomy":"product_brand","embeddable":true,"href":"https:\/\/www.tahitiplaisirs.com\/en\/wp-json\/wp\/v2\/product_brand?post=5836"},{"taxonomy":"product_cat","embeddable":true,"href":"https:\/\/www.tahitiplaisirs.com\/en\/wp-json\/wp\/v2\/product_cat?post=5836"},{"taxonomy":"product_tag","embeddable":true,"href":"https:\/\/www.tahitiplaisirs.com\/en\/wp-json\/wp\/v2\/product_tag?post=5836"}],"curies":[{"name":"wp","href":"https:\/\/api.w.org\/{rel}","templated":true}]}}