{"id":5838,"date":"2025-08-15T16:14:01","date_gmt":"2025-08-16T02:14:01","guid":{"rendered":"https:\/\/www.tahitiplaisirs.com\/?post_type=product&#038;p=5838"},"modified":"2026-03-21T14:00:16","modified_gmt":"2026-03-22T00:00:16","slug":"gode-dr-skin-good-dick-chocolat-55-125cm","status":"publish","type":"product","link":"https:\/\/www.tahitiplaisirs.com\/en\/product\/gode-dr-skin-good-dick-chocolat-55-125cm\/","title":{"rendered":"Gode Good Dick chocolat 5,5&Prime; &#8211; 12,5cm"},"content":{"rendered":"","protected":false},"excerpt":{"rendered":"<p>Gode Good Dick chocolat 5,5&Prime; &#8211; 12,5cm de Dr Skin<\/p>\n<p>Le Good Dick est un godemichet tr\u00e8s r\u00e9aliste, fin et courb\u00e9.<\/p>\n<p>Il mesure 12,5cm au total pour 12cm ins\u00e9rable et un diam\u00e8tre de 3,2cm.<\/p>","protected":false},"featured_media":7258,"template":"","meta":[],"product_brand":[88],"product_cat":[53,47],"product_tag":[],"class_list":{"0":"post-5838","1":"product","2":"type-product","3":"status-publish","4":"has-post-thumbnail","6":"product_brand-dr-skin","7":"product_cat-godemichets","8":"product_cat-sextoys","11":"instock","12":"taxable","13":"shipping-taxable","14":"purchasable","15":"product-type-simple","16":"product-grid-view"},"_links":{"self":[{"href":"https:\/\/www.tahitiplaisirs.com\/en\/wp-json\/wp\/v2\/product\/5838","targetHints":{"allow":["GET"]}}],"collection":[{"href":"https:\/\/www.tahitiplaisirs.com\/en\/wp-json\/wp\/v2\/product"}],"about":[{"href":"https:\/\/www.tahitiplaisirs.com\/en\/wp-json\/wp\/v2\/types\/product"}],"version-history":[{"count":2,"href":"https:\/\/www.tahitiplaisirs.com\/en\/wp-json\/wp\/v2\/product\/5838\/revisions"}],"predecessor-version":[{"id":7262,"href":"https:\/\/www.tahitiplaisirs.com\/en\/wp-json\/wp\/v2\/product\/5838\/revisions\/7262"}],"wp:featuredmedia":[{"embeddable":true,"href":"https:\/\/www.tahitiplaisirs.com\/en\/wp-json\/wp\/v2\/media\/7258"}],"wp:attachment":[{"href":"https:\/\/www.tahitiplaisirs.com\/en\/wp-json\/wp\/v2\/media?parent=5838"}],"wp:term":[{"taxonomy":"product_brand","embeddable":true,"href":"https:\/\/www.tahitiplaisirs.com\/en\/wp-json\/wp\/v2\/product_brand?post=5838"},{"taxonomy":"product_cat","embeddable":true,"href":"https:\/\/www.tahitiplaisirs.com\/en\/wp-json\/wp\/v2\/product_cat?post=5838"},{"taxonomy":"product_tag","embeddable":true,"href":"https:\/\/www.tahitiplaisirs.com\/en\/wp-json\/wp\/v2\/product_tag?post=5838"}],"curies":[{"name":"wp","href":"https:\/\/api.w.org\/{rel}","templated":true}]}}